{"id":450,"date":"2023-05-10T14:17:47","date_gmt":"2023-05-10T14:17:47","guid":{"rendered":"https:\/\/lcviajes.com\/aviso-legal\/"},"modified":"2024-12-04T13:37:44","modified_gmt":"2024-12-04T13:37:44","slug":"aviso-legal","status":"publish","type":"page","link":"https:\/\/lcviajes.com\/ca\/aviso-legal\/","title":{"rendered":"Aviso legal"},"content":{"rendered":"<div class=\"fusion-fullwidth fullwidth-box fusion-builder-row-1 fusion-flex-container nonhundred-percent-fullwidth non-hundred-percent-height-scrolling\" style=\"background-color: rgba(255,255,255,0);background-position: center center;background-repeat: no-repeat;border-width: 0px 0px 0px 0px;border-color:#e2e2e2;border-style:solid;\" ><div class=\"fusion-builder-row fusion-row fusion-flex-align-items-flex-start\" style=\"max-width:1497.6px;margin-left: calc(-4% \/ 2 );margin-right: calc(-4% \/ 2 );\"><div class=\"fusion-layout-column fusion_builder_column fusion-builder-column-0 fusion_builder_column_1_1 1_1 fusion-flex-column\"><div class=\"fusion-column-wrapper fusion-flex-justify-content-flex-start fusion-content-layout-column\" style=\"background-position:left top;background-repeat:no-repeat;-webkit-background-size:cover;-moz-background-size:cover;-o-background-size:cover;background-size:cover;padding: 0px 0px 0px 0px;\"><style type=\"text\/css\">@media only screen and (max-width:1024px) {.fusion-title.fusion-title-1{margin-top:10px!important;margin-bottom:15px!important;}}@media only screen and (max-width:640px) {.fusion-title.fusion-title-1{margin-top:10px!important;margin-bottom:10px!important;}}<\/style><div class=\"fusion-title title fusion-title-1 fusion-sep-none fusion-title-text fusion-title-size-three\" style=\"margin-top:10px;margin-bottom:15px;\"><h3 class=\"title-heading-left\" style=\"margin:0;\"><strong>AVISO LEGAL<\/strong><\/h3><\/div><div class=\"fusion-text fusion-text-1\" style=\"transform:translate3d(0,0,0);\"><p>El titular de esta p\u00e1gina es LORETA CANEPA SEISDEDOS. El domicilio de LORETA CANEPA SEISDEDOS es Plaza ROMA PIERA ARCAL 1 LOCAL 8 &#8211; Premi\u00e0 de Mar (Barcelona &#8211; 08330), tel\u00e9fono 930181538\u00a0|\u00a0635366419. El correo de contacto de LORETA CANEPA SEISDEDOS es LORETA@LCVIAJES.COM.<\/p>\n<p>Si utiliza el contenido y\/o los servicios de esta p\u00e1gina se compromete a aceptar las siguientes condiciones de uso:<\/p>\n<ol>\n<li>LORETA CANEPA SEISDEDOS se reserva el derecho a modificar el contenido, la configuraci\u00f3n y la presentaci\u00f3n de esta p\u00e1gina web sin avisar. Esta p\u00e1gina podr\u00eda contener enlaces a otras p\u00e1ginas externas y, si es as\u00ed, LORETA CANEPA SEISDEDOS, no se hace responsable del contenido y la configuraci\u00f3n de tales p\u00e1ginas.<\/li>\n<li>Los textos, im\u00e1genes, logotipos y el resto de contenidos de esta web son propiedad de LORETA CANEPA SEISDEDOS. Si no se indica lo contrario, no se puede transmitir, distribuir, reproducir o conservar los contenidos de esta p\u00e1gina sin el consentimiento de LORETA CANEPA SEISDEDOS.<\/li>\n<li>LORETA CANEPA SEISDEDOS no se hace responsable de los posibles da\u00f1os que se puedan producir por utilizar versiones no actualizadas de los navegadores, ni de las consecuencias que se derivan del mal funcionamiento de los navegadores por una configuraci\u00f3n inadecuada, por la presencia de virus inform\u00e1ticos o por cualquier otra causa.<\/li>\n<\/ol>\n<p>El presente Aviso Legal se rige por la ley espa\u00f1ola. Cualquier conflicto relacionado con el uso de esta p\u00e1gina ser\u00e1 competencia de los juzgados y tribunales espa\u00f1oles.<\/p>\n<\/div><\/div><\/div><style type=\"text\/css\">.fusion-body .fusion-builder-column-0{width:100% !important;margin-top : 0px;margin-bottom : 20px;}.fusion-builder-column-0 > .fusion-column-wrapper {padding-top : 0px !important;padding-right : 0px !important;margin-right : 1.92%;padding-bottom : 0px !important;padding-left : 0px !important;margin-left : 1.92%;}@media only screen and (max-width:1024px) {.fusion-body .fusion-builder-column-0{width:100% !important;order : 0;}.fusion-builder-column-0 > .fusion-column-wrapper {margin-right : 1.92%;margin-left : 1.92%;}}@media only screen and (max-width:640px) {.fusion-body .fusion-builder-column-0{width:100% !important;order : 0;}.fusion-builder-column-0 > .fusion-column-wrapper {margin-right : 1.92%;margin-left : 1.92%;}}<\/style><\/div><style type=\"text\/css\">.fusion-body .fusion-flex-container.fusion-builder-row-1{ padding-top : 0px;margin-top : 0px;padding-right : 0px;padding-bottom : 0px;margin-bottom : 0px;padding-left : 0px;}<\/style><\/div>\n","protected":false},"excerpt":{"rendered":"","protected":false},"author":1,"featured_media":0,"parent":0,"menu_order":0,"comment_status":"closed","ping_status":"closed","template":"","meta":{"om_disable_all_campaigns":false,"_monsterinsights_skip_tracking":false,"_monsterinsights_sitenote_active":false,"_monsterinsights_sitenote_note":"","_monsterinsights_sitenote_category":0,"_uf_show_specific_survey":0,"_uf_disable_surveys":false,"footnotes":""},"class_list":["post-450","page","type-page","status-publish","hentry"],"yoast_head":"<!-- This site is optimized with the Yoast SEO plugin v24.6 - https:\/\/yoast.com\/wordpress\/plugins\/seo\/ -->\n<title>Aviso legal - LC Viajes<\/title>\n<meta name=\"robots\" content=\"index, follow, max-snippet:-1, max-image-preview:large, max-video-preview:-1\" \/>\n<link rel=\"canonical\" href=\"https:\/\/lcviajes.com\/ca\/aviso-legal\/\" \/>\n<meta property=\"og:locale\" content=\"ca_ES\" \/>\n<meta property=\"og:type\" content=\"article\" \/>\n<meta property=\"og:title\" content=\"Aviso legal - LC Viajes\" \/>\n<meta property=\"og:url\" content=\"https:\/\/lcviajes.com\/ca\/aviso-legal\/\" \/>\n<meta property=\"og:site_name\" content=\"LC Viajes\" \/>\n<meta property=\"article:publisher\" content=\"https:\/\/www.facebook.com\/loretacanepaviajesamedida\" \/>\n<meta property=\"article:modified_time\" content=\"2024-12-04T13:37:44+00:00\" \/>\n<meta property=\"og:image\" content=\"https:\/\/lcviajes.com\/wp-content\/uploads\/2023\/06\/Desktop-1.png\" \/>\n\t<meta property=\"og:image:width\" content=\"1440\" \/>\n\t<meta property=\"og:image:height\" content=\"1024\" \/>\n\t<meta property=\"og:image:type\" content=\"image\/png\" \/>\n<meta name=\"twitter:card\" content=\"summary_large_image\" \/>\n<meta name=\"twitter:site\" content=\"@Loretacanepa\" \/>\n<meta name=\"twitter:label1\" content=\"Temps estimat de lectura\" \/>\n\t<meta name=\"twitter:data1\" content=\"5 minuts\" \/>\n<script type=\"application\/ld+json\" class=\"yoast-schema-graph\">{\"@context\":\"https:\/\/schema.org\",\"@graph\":[{\"@type\":\"WebPage\",\"@id\":\"https:\/\/lcviajes.com\/ca\/aviso-legal\/\",\"url\":\"https:\/\/lcviajes.com\/ca\/aviso-legal\/\",\"name\":\"Aviso legal - LC Viajes\",\"isPartOf\":{\"@id\":\"https:\/\/lcviajes.com\/ca\/#website\"},\"datePublished\":\"2023-05-10T14:17:47+00:00\",\"dateModified\":\"2024-12-04T13:37:44+00:00\",\"breadcrumb\":{\"@id\":\"https:\/\/lcviajes.com\/ca\/aviso-legal\/#breadcrumb\"},\"inLanguage\":\"ca\",\"potentialAction\":[{\"@type\":\"ReadAction\",\"target\":[\"https:\/\/lcviajes.com\/ca\/aviso-legal\/\"]}]},{\"@type\":\"BreadcrumbList\",\"@id\":\"https:\/\/lcviajes.com\/ca\/aviso-legal\/#breadcrumb\",\"itemListElement\":[{\"@type\":\"ListItem\",\"position\":1,\"name\":\"Portada\",\"item\":\"https:\/\/lcviajes.com\/ca\/\"},{\"@type\":\"ListItem\",\"position\":2,\"name\":\"Aviso legal\"}]},{\"@type\":\"WebSite\",\"@id\":\"https:\/\/lcviajes.com\/ca\/#website\",\"url\":\"https:\/\/lcviajes.com\/ca\/\",\"name\":\"LC Viajes\",\"description\":\"LC Viajes - Travel Planner\",\"publisher\":{\"@id\":\"https:\/\/lcviajes.com\/ca\/#organization\"},\"alternateName\":\"LC Viajes\",\"potentialAction\":[{\"@type\":\"SearchAction\",\"target\":{\"@type\":\"EntryPoint\",\"urlTemplate\":\"https:\/\/lcviajes.com\/ca\/?s={search_term_string}\"},\"query-input\":{\"@type\":\"PropertyValueSpecification\",\"valueRequired\":true,\"valueName\":\"search_term_string\"}}],\"inLanguage\":\"ca\"},{\"@type\":\"Organization\",\"@id\":\"https:\/\/lcviajes.com\/ca\/#organization\",\"name\":\"LC Viajes\",\"alternateName\":\"LC Viajes\",\"url\":\"https:\/\/lcviajes.com\/ca\/\",\"logo\":{\"@type\":\"ImageObject\",\"inLanguage\":\"ca\",\"@id\":\"https:\/\/lcviajes.com\/ca\/#\/schema\/logo\/image\/\",\"url\":\"https:\/\/lcviajes.com\/wp-content\/uploads\/2023\/06\/LOGO-FINAL-LC-VIAJES-01-1.png\",\"contentUrl\":\"https:\/\/lcviajes.com\/wp-content\/uploads\/2023\/06\/LOGO-FINAL-LC-VIAJES-01-1.png\",\"width\":266,\"height\":188,\"caption\":\"LC Viajes\"},\"image\":{\"@id\":\"https:\/\/lcviajes.com\/ca\/#\/schema\/logo\/image\/\"},\"sameAs\":[\"https:\/\/www.facebook.com\/loretacanepaviajesamedida\",\"https:\/\/x.com\/Loretacanepa\",\"https:\/\/www.instagram.com\/loretacanepaviajes\/\",\"https:\/\/goo.gl\/maps\/9UfQM5fMDMAfLtD26\",\"https:\/\/es.linkedin.com\/in\/loretacanepaviajes\"]}]}<\/script>\n<!-- \/ Yoast SEO plugin. -->","yoast_head_json":{"title":"Aviso legal - LC Viajes","robots":{"index":"index","follow":"follow","max-snippet":"max-snippet:-1","max-image-preview":"max-image-preview:large","max-video-preview":"max-video-preview:-1"},"canonical":"https:\/\/lcviajes.com\/ca\/aviso-legal\/","og_locale":"ca_ES","og_type":"article","og_title":"Aviso legal - LC Viajes","og_url":"https:\/\/lcviajes.com\/ca\/aviso-legal\/","og_site_name":"LC Viajes","article_publisher":"https:\/\/www.facebook.com\/loretacanepaviajesamedida","article_modified_time":"2024-12-04T13:37:44+00:00","og_image":[{"width":1440,"height":1024,"url":"https:\/\/lcviajes.com\/wp-content\/uploads\/2023\/06\/Desktop-1.png","type":"image\/png"}],"twitter_card":"summary_large_image","twitter_site":"@Loretacanepa","twitter_misc":{"Temps estimat de lectura":"5 minuts"},"schema":{"@context":"https:\/\/schema.org","@graph":[{"@type":"WebPage","@id":"https:\/\/lcviajes.com\/ca\/aviso-legal\/","url":"https:\/\/lcviajes.com\/ca\/aviso-legal\/","name":"Aviso legal - LC Viajes","isPartOf":{"@id":"https:\/\/lcviajes.com\/ca\/#website"},"datePublished":"2023-05-10T14:17:47+00:00","dateModified":"2024-12-04T13:37:44+00:00","breadcrumb":{"@id":"https:\/\/lcviajes.com\/ca\/aviso-legal\/#breadcrumb"},"inLanguage":"ca","potentialAction":[{"@type":"ReadAction","target":["https:\/\/lcviajes.com\/ca\/aviso-legal\/"]}]},{"@type":"BreadcrumbList","@id":"https:\/\/lcviajes.com\/ca\/aviso-legal\/#breadcrumb","itemListElement":[{"@type":"ListItem","position":1,"name":"Portada","item":"https:\/\/lcviajes.com\/ca\/"},{"@type":"ListItem","position":2,"name":"Aviso legal"}]},{"@type":"WebSite","@id":"https:\/\/lcviajes.com\/ca\/#website","url":"https:\/\/lcviajes.com\/ca\/","name":"LC Viajes","description":"LC Viajes - Travel Planner","publisher":{"@id":"https:\/\/lcviajes.com\/ca\/#organization"},"alternateName":"LC Viajes","potentialAction":[{"@type":"SearchAction","target":{"@type":"EntryPoint","urlTemplate":"https:\/\/lcviajes.com\/ca\/?s={search_term_string}"},"query-input":{"@type":"PropertyValueSpecification","valueRequired":true,"valueName":"search_term_string"}}],"inLanguage":"ca"},{"@type":"Organization","@id":"https:\/\/lcviajes.com\/ca\/#organization","name":"LC Viajes","alternateName":"LC Viajes","url":"https:\/\/lcviajes.com\/ca\/","logo":{"@type":"ImageObject","inLanguage":"ca","@id":"https:\/\/lcviajes.com\/ca\/#\/schema\/logo\/image\/","url":"https:\/\/lcviajes.com\/wp-content\/uploads\/2023\/06\/LOGO-FINAL-LC-VIAJES-01-1.png","contentUrl":"https:\/\/lcviajes.com\/wp-content\/uploads\/2023\/06\/LOGO-FINAL-LC-VIAJES-01-1.png","width":266,"height":188,"caption":"LC Viajes"},"image":{"@id":"https:\/\/lcviajes.com\/ca\/#\/schema\/logo\/image\/"},"sameAs":["https:\/\/www.facebook.com\/loretacanepaviajesamedida","https:\/\/x.com\/Loretacanepa","https:\/\/www.instagram.com\/loretacanepaviajes\/","https:\/\/goo.gl\/maps\/9UfQM5fMDMAfLtD26","https:\/\/es.linkedin.com\/in\/loretacanepaviajes"]}]}},"_links":{"self":[{"href":"https:\/\/lcviajes.com\/ca\/wp-json\/wp\/v2\/pages\/450","targetHints":{"allow":["GET"]}}],"collection":[{"href":"https:\/\/lcviajes.com\/ca\/wp-json\/wp\/v2\/pages"}],"about":[{"href":"https:\/\/lcviajes.com\/ca\/wp-json\/wp\/v2\/types\/page"}],"author":[{"embeddable":true,"href":"https:\/\/lcviajes.com\/ca\/wp-json\/wp\/v2\/users\/1"}],"replies":[{"embeddable":true,"href":"https:\/\/lcviajes.com\/ca\/wp-json\/wp\/v2\/comments?post=450"}],"version-history":[{"count":2,"href":"https:\/\/lcviajes.com\/ca\/wp-json\/wp\/v2\/pages\/450\/revisions"}],"predecessor-version":[{"id":1147,"href":"https:\/\/lcviajes.com\/ca\/wp-json\/wp\/v2\/pages\/450\/revisions\/1147"}],"wp:attachment":[{"href":"https:\/\/lcviajes.com\/ca\/wp-json\/wp\/v2\/media?parent=450"}],"curies":[{"name":"wp","href":"https:\/\/api.w.org\/{rel}","templated":true}]}}