{"id":452,"date":"2023-04-26T09:35:22","date_gmt":"2023-04-26T09:35:22","guid":{"rendered":"https:\/\/lcviajes.com\/contacto\/"},"modified":"2023-06-29T07:57:05","modified_gmt":"2023-06-29T07:57:05","slug":"contacto-lc-viajes","status":"publish","type":"page","link":"https:\/\/lcviajes.com\/ca\/contacto-lc-viajes\/","title":{"rendered":"Contacto"},"content":{"rendered":"<div class=\"fusion-fullwidth fullwidth-box fusion-builder-row-1 fusion-flex-container nonhundred-percent-fullwidth non-hundred-percent-height-scrolling\" style=\"background-color: rgba(255,255,255,0);background-position: center center;background-repeat: no-repeat;border-width: 0px 0px 0px 0px;border-color:#e2e2e2;border-style:solid;\" ><div class=\"fusion-builder-row fusion-row fusion-flex-align-items-flex-start\" style=\"max-width:1497.6px;margin-left: calc(-4% \/ 2 );margin-right: calc(-4% \/ 2 );\"><div class=\"fusion-layout-column fusion_builder_column fusion-builder-column-0 fusion_builder_column_1_2 1_2 fusion-flex-column fusion-animated\" data-animationType=\"fadeInLeft\" data-animationDuration=\"1.0\" data-animationOffset=\"100%\"><div class=\"fusion-column-wrapper fusion-flex-justify-content-flex-start fusion-content-layout-column\" style=\"background-position:left top;background-repeat:no-repeat;-webkit-background-size:cover;-moz-background-size:cover;-o-background-size:cover;background-size:cover;padding: 0px 0px 0px 0px;\"><div class=\"wpforms-container wpforms-container-full wpforms-render-modern\" id=\"wpforms-398\"><form id=\"wpforms-form-398\" class=\"wpforms-validate wpforms-form wpforms-ajax-form\" data-formid=\"398\" method=\"post\" enctype=\"multipart\/form-data\" action=\"\/ca\/wp-json\/wp\/v2\/pages\/452\" data-token=\"5ba1923994667afe8612f2277e768518\" data-token-time=\"1776425578\"><noscript class=\"wpforms-error-noscript\">Activeu el JavaScript al navegador per a poder completar el formulari.<\/noscript><div class=\"wpforms-hidden\" id=\"wpforms-error-noscript\">Activeu el JavaScript al navegador per a poder completar el formulari.<\/div><div class=\"wpforms-field-container\"><div id=\"wpforms-398-field_0-container\" class=\"wpforms-field wpforms-field-name\" data-field-id=\"0\"><label class=\"wpforms-field-label\" for=\"wpforms-398-field_0\">Nombre <span class=\"wpforms-required-label\" aria-hidden=\"true\">*<\/span><\/label><input type=\"text\" id=\"wpforms-398-field_0\" class=\"wpforms-field-large wpforms-field-required\" name=\"wpforms[fields][0]\" aria-errormessage=\"wpforms-398-field_0-error\" required><\/div><div id=\"wpforms-398-field_1-container\" class=\"wpforms-field wpforms-field-email\" data-field-id=\"1\"><label class=\"wpforms-field-label\" for=\"wpforms-398-field_1\">Correo electr\u00f3nico <span class=\"wpforms-required-label\" aria-hidden=\"true\">*<\/span><\/label><input type=\"email\" id=\"wpforms-398-field_1\" class=\"wpforms-field-large wpforms-field-required\" name=\"wpforms[fields][1]\" spellcheck=\"false\" aria-errormessage=\"wpforms-398-field_1-error\" required><\/div><div id=\"wpforms-398-field_3-container\" class=\"wpforms-field wpforms-field-number\" data-field-id=\"3\"><label class=\"wpforms-field-label\" for=\"wpforms-398-field_3\">Tel\u00e9fono<\/label><input type=\"number\" id=\"wpforms-398-field_3\" class=\"wpforms-field-large\" name=\"wpforms[fields][3]\" step=\"any\" aria-errormessage=\"wpforms-398-field_3-error\" ><\/div><div id=\"wpforms-398-field_2-container\" class=\"wpforms-field wpforms-field-textarea\" data-field-id=\"2\"><label class=\"wpforms-field-label\" for=\"wpforms-398-field_2\">Mensaje<\/label><textarea id=\"wpforms-398-field_2\" class=\"wpforms-field-medium\" name=\"wpforms[fields][2]\" aria-errormessage=\"wpforms-398-field_2-error\" ><\/textarea><\/div><div id=\"wpforms-398-field_4-container\" class=\"wpforms-field wpforms-field-checkbox\" data-field-id=\"4\"><fieldset><legend class=\"wpforms-field-label wpforms-label-hide\" aria-hidden=\"false\">Pol\u00edtica de Privacidad <span class=\"wpforms-required-label\" aria-hidden=\"true\">*<\/span><\/legend><ul id=\"wpforms-398-field_4\" class=\"wpforms-field-required\"><li class=\"choice-1 depth-1\"><input type=\"checkbox\" id=\"wpforms-398-field_4_1\" name=\"wpforms[fields][4][]\" value=\"He le\u00eddo, entiendo y acepto la &lt;a href=&quot;https:\/\/lcviajes.com\/politica-privacidad\/&quot; target=&quot;_blank&quot; style=&quot;color: #75dc9f;&quot;&gt;Pol\u00edtica de Privacidad&lt;\/a&gt;\" aria-errormessage=\"wpforms-398-field_4_1-error\" required ><label class=\"wpforms-field-label-inline\" for=\"wpforms-398-field_4_1\">He le\u00eddo, entiendo y acepto la <a href=\"https:\/\/lcviajes.com\/politica-privacidad\/\" target=\"_blank\" style=\"color: #75dc9f\">Pol\u00edtica de Privacidad<\/a><\/label><\/li><\/ul><\/fieldset><\/div><div id=\"wpforms-398-field_5-container\" class=\"wpforms-field wpforms-field-checkbox\" data-field-id=\"5\"><fieldset><legend class=\"wpforms-field-label wpforms-label-hide\" aria-hidden=\"false\">Comunicaciones comerciales\/Newsletter<\/legend><ul id=\"wpforms-398-field_5\"><li class=\"choice-1 depth-1\"><input type=\"checkbox\" id=\"wpforms-398-field_5_1\" name=\"wpforms[fields][5][]\" value=\"Quiero recibir novedades, contenidos exclusivos, comunicaciones comerciales\" aria-errormessage=\"wpforms-398-field_5_1-error\"  ><label class=\"wpforms-field-label-inline\" for=\"wpforms-398-field_5_1\">Quiero recibir novedades, contenidos exclusivos, comunicaciones comerciales<\/label><\/li><\/ul><\/fieldset><\/div><\/div><!-- .wpforms-field-container --><div class=\"wpforms-recaptcha-container wpforms-is-recaptcha wpforms-is-recaptcha-type-v3\" ><input type=\"hidden\" name=\"wpforms[recaptcha]\" value=\"\"><\/div><div class=\"wpforms-submit-container\" ><input type=\"hidden\" name=\"wpforms[id]\" value=\"398\"><input type=\"hidden\" name=\"page_title\" value=\"\"><input type=\"hidden\" name=\"page_url\" value=\"https:\/\/lcviajes.com\/ca\/wp-json\/wp\/v2\/pages\/452\"><input type=\"hidden\" name=\"url_referer\" value=\"\"><button type=\"submit\" name=\"wpforms[submit]\" id=\"wpforms-submit-398\" class=\"wpforms-submit\" data-alt-text=\"Enviando...\" data-submit-text=\"Enviar\" aria-live=\"assertive\" value=\"wpforms-submit\">Enviar<\/button><img decoding=\"async\" src=\"https:\/\/lcviajes.com\/wp-content\/plugins\/wpforms-lite\/assets\/images\/submit-spin.svg\" class=\"wpforms-submit-spinner\" style=\"display: none;\" width=\"26\" height=\"26\" alt=\"S&#039;est\u00e0 carregant\"><\/div><\/form><\/div>  <!-- .wpforms-container --><\/div><\/div><style type=\"text\/css\">.fusion-body .fusion-builder-column-0{width:50% !important;margin-top : 0px;margin-bottom : 20px;}.fusion-builder-column-0 > .fusion-column-wrapper {padding-top : 0px !important;padding-right : 0px !important;margin-right : 3.84%;padding-bottom : 0px !important;padding-left : 0px !important;margin-left : 3.84%;}@media only screen and (max-width:1024px) {.fusion-body .fusion-builder-column-0{width:50% !important;order : 0;}.fusion-builder-column-0 > .fusion-column-wrapper {margin-right : 3.84%;margin-left : 3.84%;}}@media only screen and (max-width:640px) {.fusion-body .fusion-builder-column-0{width:100% !important;order : 0;}.fusion-builder-column-0 > .fusion-column-wrapper {margin-right : 1.92%;margin-left : 1.92%;}}<\/style><div class=\"fusion-layout-column fusion_builder_column fusion-builder-column-1 fusion_builder_column_1_2 1_2 fusion-flex-column fusion-flex-align-self-flex-start fusion-animated\" data-animationType=\"fadeInRight\" data-animationDuration=\"1.0\" data-animationOffset=\"100%\"><div class=\"fusion-column-wrapper fusion-flex-justify-content-flex-start fusion-content-layout-column\" style=\"background-position:left top;background-repeat:no-repeat;-webkit-background-size:cover;-moz-background-size:cover;-o-background-size:cover;background-size:cover;padding: 0px 0px 0px 0px;\"><div class=\"fusion-text fusion-text-1 element-info-contact\" style=\"transform:translate3d(0,0,0);\"><p><img decoding=\"async\" class=\"size-full wp-image-404 alignnone\" src=\"https:\/\/lcviajes.com\/wp-content\/uploads\/2023\/05\/Time-Clock-Circle-Alternate.png\" alt=\"\" width=\"48\" height=\"48\" \/><\/p>\n<div>\n<p><strong>Horario<\/strong><\/p>\n<p style=\"text-align: left;\"><strong>Lunes a Viernes<\/strong><br \/>\n9.00h-14.00h y de 15.00h-18.30h<\/p>\n<\/div>\n<\/div><div class=\"fusion-text fusion-text-2 element-info-contact\" style=\"transform:translate3d(0,0,0);\"><p><img decoding=\"async\" class=\"size-full wp-image-227 alignnone\" src=\"https:\/\/lcviajes.com\/wp-content\/uploads\/2023\/04\/Phone-Actions-Voice-Mail.png\" alt=\"\" width=\"35\" height=\"35\" \/><\/p>\n<p style=\"text-align: left;\">930 181 538<\/p>\n<\/div><div class=\"fusion-text fusion-text-3 element-info-contact\" style=\"transform:translate3d(0,0,0);\"><p><img decoding=\"async\" class=\"size-full wp-image-228 alignnone\" src=\"https:\/\/lcviajes.com\/wp-content\/uploads\/2023\/04\/Computer-Logo-Whatsapp.png\" alt=\"\" width=\"40\" height=\"40\" \/><\/p>\n<p style=\"text-align: left;\">688 899 312<\/p>\n<\/div><div class=\"fusion-text fusion-text-4 element-info-contact\" style=\"transform:translate3d(0,0,0);\"><p><img decoding=\"async\" class=\"size-full wp-image-229 alignnone\" src=\"https:\/\/lcviajes.com\/wp-content\/uploads\/2023\/04\/Paginate-Filter-Mail.png\" alt=\"\" width=\"37\" height=\"37\" \/><\/p>\n<p style=\"text-align: left;\">info@lcviajes.com<\/p>\n<\/div><div class=\"fusion-text fusion-text-5 element-info-contact\" style=\"transform:translate3d(0,0,0);\"><p><img decoding=\"async\" class=\"size-full wp-image-406 alignnone\" src=\"https:\/\/lcviajes.com\/wp-content\/uploads\/2023\/05\/Compass-Direction.png\" alt=\"\" width=\"48\" height=\"48\" \/><\/p>\n<p style=\"text-align: left;\">Pla\u00e7a Rom\u00e0 Piera i Arcal, 2 Li\u00f3 Galeries, local 8, 08330 Premi\u00e0 de Mar, Barcelona<\/p>\n<\/div>\t\t\t\t\t<script type=\"text\/javascript\">\n\t\t\t\t\t\tvar map_fusion_map_69e21a6a68fc4;\n\t\t\t\t\t\tvar markers = [];\n\t\t\t\t\t\tvar counter = 0;\n\t\t\t\t\t\t\t\t\t\t\t\t\t\t\t\t\t\t\t\tvar fusionMapNonce = '17d31ba5bd';\n\t\t\t\t\t\t\t\t\t\t\t\tfunction fusion_run_map_fusion_map_69e21a6a68fc4() {\n\t\t\t\t\t\t\tjQuery('#fusion_map_69e21a6a68fc4').fusion_maps({\n\t\t\t\t\t\t\t\taddresses: [{\"address\":\"41.49186728486101, 2.3592843988114485\",\"infobox_content\":\"\",\"coordinates\":true,\"latitude\":\"41.49186728486101\",\"longitude\":\" 2.3592843988114485\",\"cache\":true,\"geocoded_address\":\"Pla\\u00e7a Rom\\u00e0 Piera i Arcal, 2 Li\\u00f3 Galeries, local 8, 08330 Premi\\u00e0 de Mar, Barcelona, Espa\\u00f1a\"}],\n\t\t\t\t\t\t\t\tanimations: false,\n\t\t\t\t\t\t\t\tinfobox_background_color: '',\n\t\t\t\t\t\t\t\tinfobox_styling: 'default',\n\t\t\t\t\t\t\t\tinfobox_text_color: '',\n\t\t\t\t\t\t\t\tmap_style: 'default',\n\t\t\t\t\t\t\t\tmap_type: 'roadmap',\n\t\t\t\t\t\t\t\tmarker_icon: '',\n\t\t\t\t\t\t\t\toverlay_color: '',\n\t\t\t\t\t\t\t\toverlay_color_hsl: {\"hue\":0,\"sat\":0,\"lum\":100},\n\t\t\t\t\t\t\t\tpan_control: true,\n\t\t\t\t\t\t\t\tshow_address: true,\n\t\t\t\t\t\t\t\tscale_control: true,\n\t\t\t\t\t\t\t\tscrollwheel: true,\n\t\t\t\t\t\t\t\tzoom: 14,\n\t\t\t\t\t\t\t\tzoom_control: true,\n\t\t\t\t\t\t\t});\n\t\t\t\t\t\t}\n\n\t\t\t\t\t\tgoogle.maps.event.addDomListener(window, 'load', fusion_run_map_fusion_map_69e21a6a68fc4);\n\t\t\t\t\t<\/script>\n\t\t\t\t\t<div class=\"shortcode-map fusion-google-map fusion-maps-js-type map-page-contact\" id=\"fusion_map_69e21a6a68fc4\" style=\"height:300px;width:100%;\"><\/div><\/div><\/div><style type=\"text\/css\">.fusion-body .fusion-builder-column-1{width:50% !important;margin-top : 39px;margin-bottom : 20px;}.fusion-builder-column-1 > .fusion-column-wrapper {padding-top : 0px !important;padding-right : 0px !important;margin-right : 3.84%;padding-bottom : 0px !important;padding-left : 0px !important;margin-left : 3.84%;}@media only screen and (max-width:1024px) {.fusion-body .fusion-builder-column-1{width:50% !important;order : 0;}.fusion-builder-column-1 > .fusion-column-wrapper {margin-right : 3.84%;margin-left : 3.84%;}}@media only screen and (max-width:640px) {.fusion-body .fusion-builder-column-1{width:100% !important;order : 0;}.fusion-builder-column-1 > .fusion-column-wrapper {margin-right : 1.92%;margin-left : 1.92%;}}<\/style><\/div><style type=\"text\/css\">.fusion-body .fusion-flex-container.fusion-builder-row-1{ padding-top : 0px;margin-top : 0px;padding-right : 40px;padding-bottom : 0px;margin-bottom : 0px;padding-left : 40px;}<\/style><\/div>\n","protected":false},"excerpt":{"rendered":"","protected":false},"author":1,"featured_media":0,"parent":0,"menu_order":0,"comment_status":"closed","ping_status":"closed","template":"","meta":{"om_disable_all_campaigns":false,"_monsterinsights_skip_tracking":false,"_monsterinsights_sitenote_active":false,"_monsterinsights_sitenote_note":"","_monsterinsights_sitenote_category":0,"_uf_show_specific_survey":0,"_uf_disable_surveys":false,"footnotes":""},"class_list":["post-452","page","type-page","status-publish","hentry"],"yoast_head":"<!-- This site is optimized with the Yoast SEO plugin v24.6 - https:\/\/yoast.com\/wordpress\/plugins\/seo\/ -->\n<title>Contacto - LC Viajes<\/title>\n<meta name=\"robots\" content=\"index, follow, max-snippet:-1, max-image-preview:large, max-video-preview:-1\" \/>\n<link rel=\"canonical\" href=\"https:\/\/lcviajes.com\/ca\/contacto-lc-viajes\/\" \/>\n<meta property=\"og:locale\" content=\"ca_ES\" \/>\n<meta property=\"og:type\" content=\"article\" \/>\n<meta property=\"og:title\" content=\"Contacto - LC Viajes\" \/>\n<meta property=\"og:url\" content=\"https:\/\/lcviajes.com\/ca\/contacto-lc-viajes\/\" \/>\n<meta property=\"og:site_name\" content=\"LC Viajes\" \/>\n<meta property=\"article:publisher\" content=\"https:\/\/www.facebook.com\/loretacanepaviajesamedida\" \/>\n<meta property=\"article:modified_time\" content=\"2023-06-29T07:57:05+00:00\" \/>\n<meta property=\"og:image\" content=\"https:\/\/lcviajes.com\/wp-content\/uploads\/2023\/05\/Time-Clock-Circle-Alternate.png\" \/>\n<meta name=\"twitter:card\" content=\"summary_large_image\" \/>\n<meta name=\"twitter:site\" content=\"@Loretacanepa\" \/>\n<meta name=\"twitter:label1\" content=\"Temps estimat de lectura\" \/>\n\t<meta name=\"twitter:data1\" content=\"4 minuts\" \/>\n<script type=\"application\/ld+json\" class=\"yoast-schema-graph\">{\"@context\":\"https:\/\/schema.org\",\"@graph\":[{\"@type\":\"WebPage\",\"@id\":\"https:\/\/lcviajes.com\/ca\/contacto-lc-viajes\/\",\"url\":\"https:\/\/lcviajes.com\/ca\/contacto-lc-viajes\/\",\"name\":\"Contacto - LC Viajes\",\"isPartOf\":{\"@id\":\"https:\/\/lcviajes.com\/ca\/#website\"},\"primaryImageOfPage\":{\"@id\":\"https:\/\/lcviajes.com\/ca\/contacto-lc-viajes\/#primaryimage\"},\"image\":{\"@id\":\"https:\/\/lcviajes.com\/ca\/contacto-lc-viajes\/#primaryimage\"},\"thumbnailUrl\":\"https:\/\/lcviajes.com\/wp-content\/uploads\/2023\/05\/Time-Clock-Circle-Alternate.png\",\"datePublished\":\"2023-04-26T09:35:22+00:00\",\"dateModified\":\"2023-06-29T07:57:05+00:00\",\"breadcrumb\":{\"@id\":\"https:\/\/lcviajes.com\/ca\/contacto-lc-viajes\/#breadcrumb\"},\"inLanguage\":\"ca\",\"potentialAction\":[{\"@type\":\"ReadAction\",\"target\":[\"https:\/\/lcviajes.com\/ca\/contacto-lc-viajes\/\"]}]},{\"@type\":\"ImageObject\",\"inLanguage\":\"ca\",\"@id\":\"https:\/\/lcviajes.com\/ca\/contacto-lc-viajes\/#primaryimage\",\"url\":\"https:\/\/lcviajes.com\/wp-content\/uploads\/2023\/05\/Time-Clock-Circle-Alternate.png\",\"contentUrl\":\"https:\/\/lcviajes.com\/wp-content\/uploads\/2023\/05\/Time-Clock-Circle-Alternate.png\"},{\"@type\":\"BreadcrumbList\",\"@id\":\"https:\/\/lcviajes.com\/ca\/contacto-lc-viajes\/#breadcrumb\",\"itemListElement\":[{\"@type\":\"ListItem\",\"position\":1,\"name\":\"Portada\",\"item\":\"https:\/\/lcviajes.com\/ca\/\"},{\"@type\":\"ListItem\",\"position\":2,\"name\":\"Contacto\"}]},{\"@type\":\"WebSite\",\"@id\":\"https:\/\/lcviajes.com\/ca\/#website\",\"url\":\"https:\/\/lcviajes.com\/ca\/\",\"name\":\"LC Viajes\",\"description\":\"LC Viajes - Travel Planner\",\"publisher\":{\"@id\":\"https:\/\/lcviajes.com\/ca\/#organization\"},\"alternateName\":\"LC Viajes\",\"potentialAction\":[{\"@type\":\"SearchAction\",\"target\":{\"@type\":\"EntryPoint\",\"urlTemplate\":\"https:\/\/lcviajes.com\/ca\/?s={search_term_string}\"},\"query-input\":{\"@type\":\"PropertyValueSpecification\",\"valueRequired\":true,\"valueName\":\"search_term_string\"}}],\"inLanguage\":\"ca\"},{\"@type\":\"Organization\",\"@id\":\"https:\/\/lcviajes.com\/ca\/#organization\",\"name\":\"LC Viajes\",\"alternateName\":\"LC Viajes\",\"url\":\"https:\/\/lcviajes.com\/ca\/\",\"logo\":{\"@type\":\"ImageObject\",\"inLanguage\":\"ca\",\"@id\":\"https:\/\/lcviajes.com\/ca\/#\/schema\/logo\/image\/\",\"url\":\"https:\/\/lcviajes.com\/wp-content\/uploads\/2023\/06\/LOGO-FINAL-LC-VIAJES-01-1.png\",\"contentUrl\":\"https:\/\/lcviajes.com\/wp-content\/uploads\/2023\/06\/LOGO-FINAL-LC-VIAJES-01-1.png\",\"width\":266,\"height\":188,\"caption\":\"LC Viajes\"},\"image\":{\"@id\":\"https:\/\/lcviajes.com\/ca\/#\/schema\/logo\/image\/\"},\"sameAs\":[\"https:\/\/www.facebook.com\/loretacanepaviajesamedida\",\"https:\/\/x.com\/Loretacanepa\",\"https:\/\/www.instagram.com\/loretacanepaviajes\/\",\"https:\/\/goo.gl\/maps\/9UfQM5fMDMAfLtD26\",\"https:\/\/es.linkedin.com\/in\/loretacanepaviajes\"]}]}<\/script>\n<!-- \/ Yoast SEO plugin. -->","yoast_head_json":{"title":"Contacto - LC Viajes","robots":{"index":"index","follow":"follow","max-snippet":"max-snippet:-1","max-image-preview":"max-image-preview:large","max-video-preview":"max-video-preview:-1"},"canonical":"https:\/\/lcviajes.com\/ca\/contacto-lc-viajes\/","og_locale":"ca_ES","og_type":"article","og_title":"Contacto - LC Viajes","og_url":"https:\/\/lcviajes.com\/ca\/contacto-lc-viajes\/","og_site_name":"LC Viajes","article_publisher":"https:\/\/www.facebook.com\/loretacanepaviajesamedida","article_modified_time":"2023-06-29T07:57:05+00:00","og_image":[{"url":"https:\/\/lcviajes.com\/wp-content\/uploads\/2023\/05\/Time-Clock-Circle-Alternate.png","type":"","width":"","height":""}],"twitter_card":"summary_large_image","twitter_site":"@Loretacanepa","twitter_misc":{"Temps estimat de lectura":"4 minuts"},"schema":{"@context":"https:\/\/schema.org","@graph":[{"@type":"WebPage","@id":"https:\/\/lcviajes.com\/ca\/contacto-lc-viajes\/","url":"https:\/\/lcviajes.com\/ca\/contacto-lc-viajes\/","name":"Contacto - LC Viajes","isPartOf":{"@id":"https:\/\/lcviajes.com\/ca\/#website"},"primaryImageOfPage":{"@id":"https:\/\/lcviajes.com\/ca\/contacto-lc-viajes\/#primaryimage"},"image":{"@id":"https:\/\/lcviajes.com\/ca\/contacto-lc-viajes\/#primaryimage"},"thumbnailUrl":"https:\/\/lcviajes.com\/wp-content\/uploads\/2023\/05\/Time-Clock-Circle-Alternate.png","datePublished":"2023-04-26T09:35:22+00:00","dateModified":"2023-06-29T07:57:05+00:00","breadcrumb":{"@id":"https:\/\/lcviajes.com\/ca\/contacto-lc-viajes\/#breadcrumb"},"inLanguage":"ca","potentialAction":[{"@type":"ReadAction","target":["https:\/\/lcviajes.com\/ca\/contacto-lc-viajes\/"]}]},{"@type":"ImageObject","inLanguage":"ca","@id":"https:\/\/lcviajes.com\/ca\/contacto-lc-viajes\/#primaryimage","url":"https:\/\/lcviajes.com\/wp-content\/uploads\/2023\/05\/Time-Clock-Circle-Alternate.png","contentUrl":"https:\/\/lcviajes.com\/wp-content\/uploads\/2023\/05\/Time-Clock-Circle-Alternate.png"},{"@type":"BreadcrumbList","@id":"https:\/\/lcviajes.com\/ca\/contacto-lc-viajes\/#breadcrumb","itemListElement":[{"@type":"ListItem","position":1,"name":"Portada","item":"https:\/\/lcviajes.com\/ca\/"},{"@type":"ListItem","position":2,"name":"Contacto"}]},{"@type":"WebSite","@id":"https:\/\/lcviajes.com\/ca\/#website","url":"https:\/\/lcviajes.com\/ca\/","name":"LC Viajes","description":"LC Viajes - Travel Planner","publisher":{"@id":"https:\/\/lcviajes.com\/ca\/#organization"},"alternateName":"LC Viajes","potentialAction":[{"@type":"SearchAction","target":{"@type":"EntryPoint","urlTemplate":"https:\/\/lcviajes.com\/ca\/?s={search_term_string}"},"query-input":{"@type":"PropertyValueSpecification","valueRequired":true,"valueName":"search_term_string"}}],"inLanguage":"ca"},{"@type":"Organization","@id":"https:\/\/lcviajes.com\/ca\/#organization","name":"LC Viajes","alternateName":"LC Viajes","url":"https:\/\/lcviajes.com\/ca\/","logo":{"@type":"ImageObject","inLanguage":"ca","@id":"https:\/\/lcviajes.com\/ca\/#\/schema\/logo\/image\/","url":"https:\/\/lcviajes.com\/wp-content\/uploads\/2023\/06\/LOGO-FINAL-LC-VIAJES-01-1.png","contentUrl":"https:\/\/lcviajes.com\/wp-content\/uploads\/2023\/06\/LOGO-FINAL-LC-VIAJES-01-1.png","width":266,"height":188,"caption":"LC Viajes"},"image":{"@id":"https:\/\/lcviajes.com\/ca\/#\/schema\/logo\/image\/"},"sameAs":["https:\/\/www.facebook.com\/loretacanepaviajesamedida","https:\/\/x.com\/Loretacanepa","https:\/\/www.instagram.com\/loretacanepaviajes\/","https:\/\/goo.gl\/maps\/9UfQM5fMDMAfLtD26","https:\/\/es.linkedin.com\/in\/loretacanepaviajes"]}]}},"_links":{"self":[{"href":"https:\/\/lcviajes.com\/ca\/wp-json\/wp\/v2\/pages\/452","targetHints":{"allow":["GET"]}}],"collection":[{"href":"https:\/\/lcviajes.com\/ca\/wp-json\/wp\/v2\/pages"}],"about":[{"href":"https:\/\/lcviajes.com\/ca\/wp-json\/wp\/v2\/types\/page"}],"author":[{"embeddable":true,"href":"https:\/\/lcviajes.com\/ca\/wp-json\/wp\/v2\/users\/1"}],"replies":[{"embeddable":true,"href":"https:\/\/lcviajes.com\/ca\/wp-json\/wp\/v2\/comments?post=452"}],"version-history":[{"count":4,"href":"https:\/\/lcviajes.com\/ca\/wp-json\/wp\/v2\/pages\/452\/revisions"}],"predecessor-version":[{"id":929,"href":"https:\/\/lcviajes.com\/ca\/wp-json\/wp\/v2\/pages\/452\/revisions\/929"}],"wp:attachment":[{"href":"https:\/\/lcviajes.com\/ca\/wp-json\/wp\/v2\/media?parent=452"}],"curies":[{"name":"wp","href":"https:\/\/api.w.org\/{rel}","templated":true}]}}