{"id":455,"date":"2023-05-10T14:19:00","date_gmt":"2023-05-10T14:19:00","guid":{"rendered":"https:\/\/lcviajes.com\/politica-cookies\/"},"modified":"2024-12-04T13:38:07","modified_gmt":"2024-12-04T13:38:07","slug":"politica-cookies","status":"publish","type":"page","link":"https:\/\/lcviajes.com\/ca\/politica-cookies\/","title":{"rendered":"Pol\u00edtica de Cookies"},"content":{"rendered":"<div class=\"fusion-fullwidth fullwidth-box fusion-builder-row-1 fusion-flex-container nonhundred-percent-fullwidth non-hundred-percent-height-scrolling\" style=\"background-color: rgba(255,255,255,0);background-position: center center;background-repeat: no-repeat;border-width: 0px 0px 0px 0px;border-color:#e2e2e2;border-style:solid;\" ><div class=\"fusion-builder-row fusion-row fusion-flex-align-items-flex-start\" style=\"max-width:1497.6px;margin-left: calc(-4% \/ 2 );margin-right: calc(-4% \/ 2 );\"><div class=\"fusion-layout-column fusion_builder_column fusion-builder-column-0 fusion_builder_column_1_1 1_1 fusion-flex-column\"><div class=\"fusion-column-wrapper fusion-flex-justify-content-flex-start fusion-content-layout-column\" style=\"background-position:left top;background-repeat:no-repeat;-webkit-background-size:cover;-moz-background-size:cover;-o-background-size:cover;background-size:cover;padding: 0px 0px 0px 0px;\"><style type=\"text\/css\">@media only screen and (max-width:1024px) {.fusion-title.fusion-title-1{margin-top:10px!important;margin-bottom:15px!important;}}@media only screen and (max-width:640px) {.fusion-title.fusion-title-1{margin-top:10px!important;margin-bottom:10px!important;}}<\/style><div class=\"fusion-title title fusion-title-1 fusion-sep-none fusion-title-text fusion-title-size-three\" style=\"margin-top:10px;margin-bottom:15px;\"><h3 class=\"title-heading-left\" style=\"margin:0;\"><strong>POL\u00cdTICA DE COOKIES<\/strong><\/h3><\/div><div class=\"fusion-text fusion-text-1\" style=\"transform:translate3d(0,0,0);\"><h2 style=\"text-align: center;\">\u00bfQu\u00e9 son las cookies?<\/h2>\n<p>Las Cookies son archivos que contienen peque\u00f1as cantidades de informaci\u00f3n que se descargan en el dispositivo del usuario cuando visita una p\u00e1gina web, asoci\u00e1ndose \u00fanicamente a un usuario an\u00f3nimo y su ordenador y no proporcionan evidencias que permitan acceder a datos personales del usuario.<\/p>\n<p>Tambi\u00e9n puede ver nuestro sitio web sin cookies. Los navegadores de Internet est\u00e1n configurados regularmente para aceptar cookies. Para evitar el uso de cookies en su navegador de Internet, puede desactivar el uso de cookies a trav\u00e9s de la configuraci\u00f3n de su navegador de Internet y eliminar las cookies ya configuradas. Las funciones de ayuda de su navegador de Internet le indican c\u00f3mo desactivar y eliminar las cookies de su navegador. Tenga en cuenta que la desactivaci\u00f3n\/eliminaci\u00f3n de cookies puede provocar que las funciones individuales de nuestro sitio web dejen de funcionar como se esperaba. Adem\u00e1s, la desactivaci\u00f3n\/eliminaci\u00f3n de cookies s\u00f3lo afecta al navegador de Internet que utiliza en ese momento. Para otros navegadores de Internet, la desactivaci\u00f3n\/eliminaci\u00f3n de cookies debe realizarse de nuevo. Las cookies, que pueden ser necesarias para ciertas funciones de nuestro sitio web, se muestran a continuaci\u00f3n.<\/p>\n<h2 style=\"text-align: center;\">\u00bfPor qu\u00e9 utilizamos cookies?<\/h2>\n<p>Utilizamos cookies no s\u00f3lo por nuestro inter\u00e9s, sino tambi\u00e9n para mejorar el funcionamiento de nuestra p\u00e1gina web y poder ofrecerte la mejor experiencia de navegaci\u00f3n.<\/p>\n<p>Concretamente, el Titular est\u00e1 utilizando las Cookies para las finalidades que a continuaci\u00f3n se exponen. Si en un futuro el Titular utilizase otras Cookies con el prop\u00f3sito de otorgar m\u00e1s y mejores servicios, se informar\u00e1 al usuario de ello. La instalaci\u00f3n de estas cookies en el dispositivo del usuario se producir\u00e1 siempre de manera posterior a la recogida del consentimiento y\/o configuraci\u00f3n de estas.<\/p>\n<h2 style=\"text-align: center;\">Tipos de cookies utilizadas<\/h2>\n<p style=\"text-align: center;\"><strong>Cookies seg\u00fan el tiempo que permanezca activa<\/strong><\/p>\n<p><strong>Cookies de sesi\u00f3n<\/strong><\/p>\n<p>Para el correcto funcionamiento de nuestros sitios web, utilizamos cookies de sesi\u00f3n que almacenamos en su dispositivo cuando usted visita nuestro sitio web &#8211; independientemente de si acepta o no las cookies en el banner &#8211; y que siempre se borran autom\u00e1ticamente cuando usted cierra el navegador de Internet (es decir, cuando cierra el programa). Esto nos permite ofrecerle varias funciones en nuestro sitio web utilizando la informaci\u00f3n de las cookies.<\/p>\n<p>Utilizamos las siguientes cookies de sesi\u00f3n con las siguientes finalidades:<\/p>\n<ul>\n<li>para garantizar la reproducci\u00f3n sin fallos de contenido de v\u00eddeo o audio;<\/li>\n<li>almacenar temporalmente determinadas entradas de usuario;<\/li>\n<li>mejorar la facilidad de uso y la medici\u00f3n estad\u00edstica.<\/li>\n<\/ul>\n<p>Cookies de sesi\u00f3n en las que tratamos datos personales:<\/p>\n<p>Aquellas que se utilizan para identificar o autenticar temporalmente a un usuario (por ejemplo, mediante un ID de sesi\u00f3n para guardar temporalmente el contenido de la cesta de la compra)<\/p>\n<p>Las cookies de sesi\u00f3n se borran autom\u00e1ticamente despu\u00e9s de cerrar el navegador de Internet, o como m\u00e1ximo al final de la vida \u00fatil de la cookie correspondiente.<\/p>\n<p><strong>Cookies persistentes<\/strong><\/p>\n<p>Las cookies persistentes son cookies que permanecen almacenadas en su dispositivo, incluso despu\u00e9s de haber cerrado su navegador de Internet. Utilizamos la informaci\u00f3n contenida en estas cookies para proporcionarle funciones convenientes en nuestro sitio web (por ejemplo, para guardar ciertas preferencias del usuario o para la configuraci\u00f3n de b\u00fasqueda o idioma), pero tambi\u00e9n para recopilar su comportamiento de uso en nuestro sitio web y utilizar esta informaci\u00f3n para mejorarlo (por ejemplo, para detectar errores) y personalizar la publicidad que le mostramos.<\/p>\n<p>Las cookies persistentes con datos personales para recopilar su comportamiento de uso s\u00f3lo se procesan con su consentimiento, que puede darnos la primera vez que visite nuestro sitio web a trav\u00e9s del banner que le mostramos. Puede revocar su consentimiento para procesar su comportamiento de uso en cualquier momento, eliminando todas las cookies establecidas en su navegador de Internet.<\/p>\n<p style=\"text-align: center;\"><strong>Cookies seg\u00fan la entidad que las gestiona<\/strong><\/p>\n<p><strong>Cookies propias<\/strong><\/p>\n<p>Son aquellas que se env\u00edan al equipo terminal del usuario desde un equipo o dominio gestionado por el propio editor y desde el que se presta el servicio solicitado por el usuario.<\/p>\n<p><strong>Cookies de terceros<\/strong><\/p>\n<p>Son aquellas que se env\u00edan al equipo terminal del usuario desde un equipo o dominio que no es gestionado por el editor, sino por otra entidad que trata los datos obtenidos trav\u00e9s de las cookies.<\/p>\n<p style=\"text-align: center;\"><strong>Cookies seg\u00fan finalidad<\/strong><\/p>\n<p><strong>Cookies t\u00e9cnicas<\/strong><\/p>\n<p>Son aquellas que permiten al usuario la navegaci\u00f3n a trav\u00e9s de una p\u00e1gina web, plataforma o aplicaci\u00f3n y la utilizaci\u00f3n de las diferentes opciones o servicios que en ella existan, incluyendo aquellas que el editor utiliza para permitir la gesti\u00f3n y operativa de la p\u00e1gina web y habilitar sus funciones y servicios, como, por ejemplo, controlar el tr\u00e1fico y la comunicaci\u00f3n de datos, identificar la sesi\u00f3n, acceder a partes de acceso restringido, recordar los elementos que integran un pedido, realizar el proceso de compra de un pedido, gestionar el pago, controlar el fraude vinculado a la seguridad del servicio, realizar la solicitud de inscripci\u00f3n o participaci\u00f3n en un evento, utilizar elementos de seguridad durante la navegaci\u00f3n, almacenar contenidos para la difusi\u00f3n de v\u00eddeos o sonido, habilitar contenidos din\u00e1micos (por ejemplo, animaci\u00f3n de carga de un texto o imagen) o compartir contenidos a trav\u00e9s de redes sociales. Tambi\u00e9n pertenecen a esta categor\u00eda, por su naturaleza t\u00e9cnica, aquellas cookies que permiten la gesti\u00f3n, de la forma m\u00e1s eficaz posible, de los espacios publicitarios que, como un elemento m\u00e1s de dise\u00f1o o \u201cmaquetaci\u00f3n\u201d del servicio ofrecido al usuario, el editor haya incluido en una p\u00e1gina web, aplicaci\u00f3n o plataforma en base a criterios como el contenido editado, sin que se recopile informaci\u00f3n de los usuarios con fines distintos, como puede ser personalizar ese contenido publicitario u otros contenidos. Las cookies t\u00e9cnicas estar\u00e1n exceptuadas del cumplimiento de las obligaciones establecidas en el art\u00edculo 22.2 de la LSSI cuando permitan prestar el servicio solicitado por el usuario, como ocurre en el caso de las cookies enumeradas en los p\u00e1rrafos anteriores. Sin embargo, si estas cookies se utilizan tambi\u00e9n para finalidades no exentas (por ejemplo, para fines publicitarios comportamentales), quedar\u00e1n sujetas a dichas obligaciones.<\/p>\n<p><strong>Cookies de preferencias o personalizaci\u00f3n<\/strong><\/p>\n<p>Son aquellas que permiten recordar informaci\u00f3n para que el usuario acceda al servicio con determinadas caracter\u00edsticas que pueden diferenciar su experiencia de la de otros usuarios, como, por ejemplo, el idioma, el n\u00famero de resultados a mostrar cuando el usuario realiza una b\u00fasqueda, el aspecto o contenido del servicio en funci\u00f3n del tipo de navegador a trav\u00e9s del cual el usuario accede al servicio o de la regi\u00f3n desde la que accede al servicio, etc. Si es el propio usuario quien elige esas caracter\u00edsticas (por ejemplo, si selecciona el idioma de un sitio web clicando en el icono de la bandera del pa\u00eds correspondiente), las cookies estar\u00e1n exceptuadas de las obligaciones del art\u00edculo 22.2 de la LSSI por considerarse un servicio expresamente solicitado por el usuario, y ello siempre y cuando las cookies obedezcan exclusivamente a la finalidad seleccionada.<\/p>\n<p><strong>Cookies de an\u00e1lisis o medici\u00f3n<\/strong><\/p>\n<p>Son aquellas que permiten al responsable de las mismas el seguimiento y an\u00e1lisis del comportamiento de los usuarios de los sitios web a los que est\u00e1n vinculadas, incluida la cuantificaci\u00f3n de los impactos de los anuncios. La informaci\u00f3n recogida mediante este tipo de cookies se utiliza en la medici\u00f3n de la actividad de los sitios web, aplicaci\u00f3n o plataforma, con el fin de introducir mejoras en funci\u00f3n del an\u00e1lisis de los datos de uso que hacen los usuarios del servicio.<\/p>\n<p><strong>Cookies de publicidad comportamental<\/strong><\/p>\n<p>Son aquellas que almacenan informaci\u00f3n del comportamiento de los usuarios obtenida a trav\u00e9s de la observaci\u00f3n continuada de sus h\u00e1bitos de navegaci\u00f3n, lo que permite desarrollar un perfil espec\u00edfico para mostrar publicidad en funci\u00f3n del mismo. En todo caso, debe tenerse en cuenta que estas tipolog\u00edas se ofrecen a t\u00edtulo orientativo por ser las m\u00e1s habituales. Los editores y los terceros podr\u00e1n realizar las categorizaciones que consideren que mejor se ajustan a las finalidades de las cookies que utilizan, de forma que se respete el principio de transparencia frente a los usuarios.<\/p>\n<p>A continuaci\u00f3n, le explicamos detalladamente qu\u00e9 tecnolog\u00edas y proveedores utilizamos para analizar su comportamiento de usuario:<\/p>\n<table>\n<tbody>\n<tr>\n<td width=\"566\"><\/td>\n<\/tr>\n<\/tbody>\n<\/table>\n<h2>\u00bfC\u00f3mo evitar las cookies?<\/h2>\n<p>Se pone a disposici\u00f3n de los usuarios la informaci\u00f3n que les permita configurar su navegador\/navegadores de Internet para mantener su privacidad y seguridad en relaci\u00f3n con las Cookies. Por ello, se facilita la informaci\u00f3n y los enlaces a los sitios de soporte oficiales de los principales navegadores para que cada usuario pueda decidir si desea o no aceptar el uso de Cookies.<\/p>\n<p>As\u00ed, es posible bloquear las Cookies a trav\u00e9s de las herramientas de configuraci\u00f3n del navegador, o bien, cada usuario puede configurar su navegador para que le avise cuando un servidor quiera guardar una Cookie:<\/p>\n<ul>\n<li>Si utiliza Microsoft Internet Explorer, encontrar\u00e1 la opci\u00f3n en el men\u00fa Herramientas &gt; Opciones de Internet &gt; Privacidad &gt; Configuraci\u00f3n. Para saber m\u00e1s visite este enlace:\u00a0<a href=\"http:\/\/windows.microsoft.com\/es-es\/windows-vista\/block-or-allow-Cookies\">http:\/\/windows.microsoft.com\/es-es\/windows-vista\/block-or-allow-Cookies<\/a>y\u00a0<a href=\"http:\/\/windows.microsoft.com\/es-es\/windows7\/how-to-manage-Cookies-in-internet-explorer-9\">http:\/\/windows.microsoft.com\/es-es\/windows7\/how-to-manage-Cookies-in-internet-explorer-9<\/a>.<\/li>\n<li>Si utiliza Firefox, encontrar\u00e1 la opci\u00f3n en el men\u00fa Herramientas &gt; Opciones &gt; Privacidad &gt; Cookies. Para saber m\u00e1s visite este enlace:\u00a0<a href=\"http:\/\/support.mozilla.org\/es\/kb\/habilitar-y-deshabilitar-Cookies-que-los-sitios-we\">http:\/\/support.mozilla.org\/es\/kb\/habilitar-y-deshabilitar-Cookies-que-los-sitios-we<\/a>.<\/li>\n<li>Si utiliza Chrome, en la secci\u00f3n de Opciones &gt; Opciones avanzadas &gt; Privacidad. Para saber m\u00e1s visite este enlace:\u00a0<a href=\"https:\/\/support.google.com\/accounts\/answer\/61416?hl=es\">https:\/\/support.google.com\/accounts\/answer\/61416?hl=es<\/a>.<\/li>\n<li>Si utiliza Opera, en la opci\u00f3n de Seguridad y Privacidad, podr\u00e1 configurar el navegador. Para saber m\u00e1s visite: este enlace:\u00a0\u00a0<a href=\"http:\/\/help.opera.com\/Windows\/11.50\/es-ES\/cookies.html\">http:\/\/help.opera.com\/Windows\/11.50\/es-ES\/cookies.html<\/a><\/li>\n<li>Si utiliza Safari\u00a0encontrar\u00e1 la opci\u00f3n en el men\u00fa Preferencias\/Privacidad. Para saber m\u00e1s visite: este enlace:\u00a0<a href=\"http:\/\/support.apple.com\/kb\/HT1677?viewlocale=es_ES\">http:\/\/support.apple.com\/kb\/HT1677?viewlocale=es_ES<\/a><\/li>\n<\/ul>\n<h2>\u00bfSe pueden producir modificaciones de la Pol\u00edtica de Cookies?<\/h2>\n<p>Esta Pol\u00edtica de Cookies podr\u00eda ser modificada en funci\u00f3n de las exigencias legislativas, reglamentarias, o con la finalidad de adaptar dicha pol\u00edtica a las instrucciones dictadas por la Agencia Espa\u00f1ola de Protecci\u00f3n de Datos, por ello se aconseja a los usuarios que la visiten peri\u00f3dicamente. Cuando se produzcan cambios significativos en esta Pol\u00edtica de Cookies, se comunicar\u00e1n a los usuarios bien mediante este sitio web o a trav\u00e9s de correo electr\u00f3nico.<\/p>\n<\/div><\/div><\/div><style type=\"text\/css\">.fusion-body .fusion-builder-column-0{width:100% !important;margin-top : 0px;margin-bottom : 20px;}.fusion-builder-column-0 > .fusion-column-wrapper {padding-top : 0px !important;padding-right : 0px !important;margin-right : 1.92%;padding-bottom : 0px !important;padding-left : 0px !important;margin-left : 1.92%;}@media only screen and (max-width:1024px) {.fusion-body .fusion-builder-column-0{width:100% !important;order : 0;}.fusion-builder-column-0 > .fusion-column-wrapper {margin-right : 1.92%;margin-left : 1.92%;}}@media only screen and (max-width:640px) {.fusion-body .fusion-builder-column-0{width:100% !important;order : 0;}.fusion-builder-column-0 > .fusion-column-wrapper {margin-right : 1.92%;margin-left : 1.92%;}}<\/style><\/div><style type=\"text\/css\">.fusion-body .fusion-flex-container.fusion-builder-row-1{ padding-top : 0px;margin-top : 0px;padding-right : 0px;padding-bottom : 0px;margin-bottom : 0px;padding-left : 0px;}<\/style><\/div>\n","protected":false},"excerpt":{"rendered":"","protected":false},"author":1,"featured_media":0,"parent":0,"menu_order":0,"comment_status":"closed","ping_status":"closed","template":"","meta":{"om_disable_all_campaigns":false,"_monsterinsights_skip_tracking":false,"_monsterinsights_sitenote_active":false,"_monsterinsights_sitenote_note":"","_monsterinsights_sitenote_category":0,"_uf_show_specific_survey":0,"_uf_disable_surveys":false,"footnotes":""},"class_list":["post-455","page","type-page","status-publish","hentry"],"yoast_head":"<!-- This site is optimized with the Yoast SEO plugin v24.6 - https:\/\/yoast.com\/wordpress\/plugins\/seo\/ -->\n<title>Pol\u00edtica de Cookies - LC Viajes<\/title>\n<meta name=\"robots\" content=\"index, follow, max-snippet:-1, max-image-preview:large, max-video-preview:-1\" \/>\n<link rel=\"canonical\" href=\"https:\/\/lcviajes.com\/ca\/politica-cookies\/\" \/>\n<meta property=\"og:locale\" content=\"ca_ES\" \/>\n<meta property=\"og:type\" content=\"article\" \/>\n<meta property=\"og:title\" content=\"Pol\u00edtica de Cookies - LC Viajes\" \/>\n<meta property=\"og:url\" content=\"https:\/\/lcviajes.com\/ca\/politica-cookies\/\" \/>\n<meta property=\"og:site_name\" content=\"LC Viajes\" \/>\n<meta property=\"article:publisher\" content=\"https:\/\/www.facebook.com\/loretacanepaviajesamedida\" \/>\n<meta property=\"article:modified_time\" content=\"2024-12-04T13:38:07+00:00\" \/>\n<meta property=\"og:image\" content=\"https:\/\/lcviajes.com\/wp-content\/uploads\/2023\/06\/Desktop-1.png\" \/>\n\t<meta property=\"og:image:width\" content=\"1440\" \/>\n\t<meta property=\"og:image:height\" content=\"1024\" \/>\n\t<meta property=\"og:image:type\" content=\"image\/png\" \/>\n<meta name=\"twitter:card\" content=\"summary_large_image\" \/>\n<meta name=\"twitter:site\" content=\"@Loretacanepa\" \/>\n<meta name=\"twitter:label1\" content=\"Temps estimat de lectura\" \/>\n\t<meta name=\"twitter:data1\" content=\"9 minuts\" \/>\n<script type=\"application\/ld+json\" class=\"yoast-schema-graph\">{\"@context\":\"https:\/\/schema.org\",\"@graph\":[{\"@type\":\"WebPage\",\"@id\":\"https:\/\/lcviajes.com\/ca\/politica-cookies\/\",\"url\":\"https:\/\/lcviajes.com\/ca\/politica-cookies\/\",\"name\":\"Pol\u00edtica de Cookies - LC Viajes\",\"isPartOf\":{\"@id\":\"https:\/\/lcviajes.com\/ca\/#website\"},\"datePublished\":\"2023-05-10T14:19:00+00:00\",\"dateModified\":\"2024-12-04T13:38:07+00:00\",\"breadcrumb\":{\"@id\":\"https:\/\/lcviajes.com\/ca\/politica-cookies\/#breadcrumb\"},\"inLanguage\":\"ca\",\"potentialAction\":[{\"@type\":\"ReadAction\",\"target\":[\"https:\/\/lcviajes.com\/ca\/politica-cookies\/\"]}]},{\"@type\":\"BreadcrumbList\",\"@id\":\"https:\/\/lcviajes.com\/ca\/politica-cookies\/#breadcrumb\",\"itemListElement\":[{\"@type\":\"ListItem\",\"position\":1,\"name\":\"Portada\",\"item\":\"https:\/\/lcviajes.com\/ca\/\"},{\"@type\":\"ListItem\",\"position\":2,\"name\":\"Pol\u00edtica de Cookies\"}]},{\"@type\":\"WebSite\",\"@id\":\"https:\/\/lcviajes.com\/ca\/#website\",\"url\":\"https:\/\/lcviajes.com\/ca\/\",\"name\":\"LC Viajes\",\"description\":\"LC Viajes - Travel Planner\",\"publisher\":{\"@id\":\"https:\/\/lcviajes.com\/ca\/#organization\"},\"alternateName\":\"LC Viajes\",\"potentialAction\":[{\"@type\":\"SearchAction\",\"target\":{\"@type\":\"EntryPoint\",\"urlTemplate\":\"https:\/\/lcviajes.com\/ca\/?s={search_term_string}\"},\"query-input\":{\"@type\":\"PropertyValueSpecification\",\"valueRequired\":true,\"valueName\":\"search_term_string\"}}],\"inLanguage\":\"ca\"},{\"@type\":\"Organization\",\"@id\":\"https:\/\/lcviajes.com\/ca\/#organization\",\"name\":\"LC Viajes\",\"alternateName\":\"LC Viajes\",\"url\":\"https:\/\/lcviajes.com\/ca\/\",\"logo\":{\"@type\":\"ImageObject\",\"inLanguage\":\"ca\",\"@id\":\"https:\/\/lcviajes.com\/ca\/#\/schema\/logo\/image\/\",\"url\":\"https:\/\/lcviajes.com\/wp-content\/uploads\/2023\/06\/LOGO-FINAL-LC-VIAJES-01-1.png\",\"contentUrl\":\"https:\/\/lcviajes.com\/wp-content\/uploads\/2023\/06\/LOGO-FINAL-LC-VIAJES-01-1.png\",\"width\":266,\"height\":188,\"caption\":\"LC Viajes\"},\"image\":{\"@id\":\"https:\/\/lcviajes.com\/ca\/#\/schema\/logo\/image\/\"},\"sameAs\":[\"https:\/\/www.facebook.com\/loretacanepaviajesamedida\",\"https:\/\/x.com\/Loretacanepa\",\"https:\/\/www.instagram.com\/loretacanepaviajes\/\",\"https:\/\/goo.gl\/maps\/9UfQM5fMDMAfLtD26\",\"https:\/\/es.linkedin.com\/in\/loretacanepaviajes\"]}]}<\/script>\n<!-- \/ Yoast SEO plugin. -->","yoast_head_json":{"title":"Pol\u00edtica de Cookies - LC Viajes","robots":{"index":"index","follow":"follow","max-snippet":"max-snippet:-1","max-image-preview":"max-image-preview:large","max-video-preview":"max-video-preview:-1"},"canonical":"https:\/\/lcviajes.com\/ca\/politica-cookies\/","og_locale":"ca_ES","og_type":"article","og_title":"Pol\u00edtica de Cookies - LC Viajes","og_url":"https:\/\/lcviajes.com\/ca\/politica-cookies\/","og_site_name":"LC Viajes","article_publisher":"https:\/\/www.facebook.com\/loretacanepaviajesamedida","article_modified_time":"2024-12-04T13:38:07+00:00","og_image":[{"width":1440,"height":1024,"url":"https:\/\/lcviajes.com\/wp-content\/uploads\/2023\/06\/Desktop-1.png","type":"image\/png"}],"twitter_card":"summary_large_image","twitter_site":"@Loretacanepa","twitter_misc":{"Temps estimat de lectura":"9 minuts"},"schema":{"@context":"https:\/\/schema.org","@graph":[{"@type":"WebPage","@id":"https:\/\/lcviajes.com\/ca\/politica-cookies\/","url":"https:\/\/lcviajes.com\/ca\/politica-cookies\/","name":"Pol\u00edtica de Cookies - LC Viajes","isPartOf":{"@id":"https:\/\/lcviajes.com\/ca\/#website"},"datePublished":"2023-05-10T14:19:00+00:00","dateModified":"2024-12-04T13:38:07+00:00","breadcrumb":{"@id":"https:\/\/lcviajes.com\/ca\/politica-cookies\/#breadcrumb"},"inLanguage":"ca","potentialAction":[{"@type":"ReadAction","target":["https:\/\/lcviajes.com\/ca\/politica-cookies\/"]}]},{"@type":"BreadcrumbList","@id":"https:\/\/lcviajes.com\/ca\/politica-cookies\/#breadcrumb","itemListElement":[{"@type":"ListItem","position":1,"name":"Portada","item":"https:\/\/lcviajes.com\/ca\/"},{"@type":"ListItem","position":2,"name":"Pol\u00edtica de Cookies"}]},{"@type":"WebSite","@id":"https:\/\/lcviajes.com\/ca\/#website","url":"https:\/\/lcviajes.com\/ca\/","name":"LC Viajes","description":"LC Viajes - Travel Planner","publisher":{"@id":"https:\/\/lcviajes.com\/ca\/#organization"},"alternateName":"LC Viajes","potentialAction":[{"@type":"SearchAction","target":{"@type":"EntryPoint","urlTemplate":"https:\/\/lcviajes.com\/ca\/?s={search_term_string}"},"query-input":{"@type":"PropertyValueSpecification","valueRequired":true,"valueName":"search_term_string"}}],"inLanguage":"ca"},{"@type":"Organization","@id":"https:\/\/lcviajes.com\/ca\/#organization","name":"LC Viajes","alternateName":"LC Viajes","url":"https:\/\/lcviajes.com\/ca\/","logo":{"@type":"ImageObject","inLanguage":"ca","@id":"https:\/\/lcviajes.com\/ca\/#\/schema\/logo\/image\/","url":"https:\/\/lcviajes.com\/wp-content\/uploads\/2023\/06\/LOGO-FINAL-LC-VIAJES-01-1.png","contentUrl":"https:\/\/lcviajes.com\/wp-content\/uploads\/2023\/06\/LOGO-FINAL-LC-VIAJES-01-1.png","width":266,"height":188,"caption":"LC Viajes"},"image":{"@id":"https:\/\/lcviajes.com\/ca\/#\/schema\/logo\/image\/"},"sameAs":["https:\/\/www.facebook.com\/loretacanepaviajesamedida","https:\/\/x.com\/Loretacanepa","https:\/\/www.instagram.com\/loretacanepaviajes\/","https:\/\/goo.gl\/maps\/9UfQM5fMDMAfLtD26","https:\/\/es.linkedin.com\/in\/loretacanepaviajes"]}]}},"_links":{"self":[{"href":"https:\/\/lcviajes.com\/ca\/wp-json\/wp\/v2\/pages\/455","targetHints":{"allow":["GET"]}}],"collection":[{"href":"https:\/\/lcviajes.com\/ca\/wp-json\/wp\/v2\/pages"}],"about":[{"href":"https:\/\/lcviajes.com\/ca\/wp-json\/wp\/v2\/types\/page"}],"author":[{"embeddable":true,"href":"https:\/\/lcviajes.com\/ca\/wp-json\/wp\/v2\/users\/1"}],"replies":[{"embeddable":true,"href":"https:\/\/lcviajes.com\/ca\/wp-json\/wp\/v2\/comments?post=455"}],"version-history":[{"count":4,"href":"https:\/\/lcviajes.com\/ca\/wp-json\/wp\/v2\/pages\/455\/revisions"}],"predecessor-version":[{"id":1149,"href":"https:\/\/lcviajes.com\/ca\/wp-json\/wp\/v2\/pages\/455\/revisions\/1149"}],"wp:attachment":[{"href":"https:\/\/lcviajes.com\/ca\/wp-json\/wp\/v2\/media?parent=455"}],"curies":[{"name":"wp","href":"https:\/\/api.w.org\/{rel}","templated":true}]}}