{"id":456,"date":"2023-05-10T14:16:32","date_gmt":"2023-05-10T14:16:32","guid":{"rendered":"https:\/\/lcviajes.com\/politica-privacidad\/"},"modified":"2024-12-04T13:44:31","modified_gmt":"2024-12-04T13:44:31","slug":"politica-privacidad","status":"publish","type":"page","link":"https:\/\/lcviajes.com\/ca\/politica-privacidad\/","title":{"rendered":"Pol\u00edtica de Privacidad"},"content":{"rendered":"<div class=\"fusion-fullwidth fullwidth-box fusion-builder-row-1 fusion-flex-container nonhundred-percent-fullwidth non-hundred-percent-height-scrolling\" style=\"background-color: rgba(255,255,255,0);background-position: center center;background-repeat: no-repeat;border-width: 0px 0px 0px 0px;border-color:#e2e2e2;border-style:solid;\" ><div class=\"fusion-builder-row fusion-row fusion-flex-align-items-flex-start\" style=\"max-width:1497.6px;margin-left: calc(-4% \/ 2 );margin-right: calc(-4% \/ 2 );\"><div class=\"fusion-layout-column fusion_builder_column fusion-builder-column-0 fusion_builder_column_1_1 1_1 fusion-flex-column\"><div class=\"fusion-column-wrapper fusion-flex-justify-content-flex-start fusion-content-layout-column\" style=\"background-position:left top;background-repeat:no-repeat;-webkit-background-size:cover;-moz-background-size:cover;-o-background-size:cover;background-size:cover;padding: 0px 0px 0px 0px;\"><style type=\"text\/css\">@media only screen and (max-width:1024px) {.fusion-title.fusion-title-1{margin-top:10px!important;margin-bottom:15px!important;}}@media only screen and (max-width:640px) {.fusion-title.fusion-title-1{margin-top:10px!important;margin-bottom:10px!important;}}<\/style><div class=\"fusion-title title fusion-title-1 fusion-sep-none fusion-title-text fusion-title-size-three\" style=\"margin-top:10px;margin-bottom:15px;\"><h3 class=\"title-heading-left\" style=\"margin:0;\"><strong>POL\u00cdTICA DE PRIVACIDAD<\/strong><\/h3><\/div><div class=\"fusion-text fusion-text-1\" style=\"transform:translate3d(0,0,0);\"><p><strong>\u00bfQui\u00e9n es el responsable de sus datos?<\/strong><\/p>\n<p><strong>Titular<\/strong>: LORETA CANEPA SEISDEDOS<\/p>\n<p><strong>CIF<\/strong>: 26322314X<\/p>\n<p><strong>Domicilio social<\/strong>: Plaza ROMA PIERA ARCAL 1 LOCAL 8 &#8211; Premi\u00e0 de Mar (Barcelona &#8211; 08330)<\/p>\n<p><strong>Tel\u00e9fono de contacto<\/strong>: 930181538\u00a0|\u00a0635366419<\/p>\n<p>Delegado de Protecci\u00f3n de Datos:<\/p>\n<p><strong>Correo electr\u00f3nico:<\/strong> info@lcviajes.com<\/p>\n<p><strong>Web:<\/strong> <a href=\"https:\/\/lcviajes.com\/ca\/\">lcviajes.com<\/a><\/p>\n<p>Por favor, tenga en cuenta que la presente Pol\u00edtica de Privacidad no aborda, y no seremos responsables de, la privacidad, informaci\u00f3n u otras pr\u00e1cticas de terceros cualesquiera,\u00a0incluidas las de\u00a0toda parte que opere un portal\u00a0hacia\u00a0el que estos Portales contengan un enlace. La inclusi\u00f3n de un enlace en los Portales no implica\u00a0aval\u00a0del portal enlazado por nuestra parte ni\u00a0por\u00a0la de nuestras filiales.<\/p>\n<p><strong>Licitud del tratamiento de datos<\/strong><\/p>\n<p>Respetamos su privacidad. Por ello, solamente procesamos sus datos personales cuando estamos autorizados a hacerlo. Usted puede darnos su consentimiento para el tratamiento de sus datos personales, cuando el tratamiento as\u00ed lo requiera. En otros supuestos, si usted emplea servicios de nuestra web que requieren sus datos para poder realizarse, estaremos autorizados a tratar sus datos para la ejecuci\u00f3n de tal actividad. Un ejemplo de ello es el registro de entradas que recogemos para garantizar, por ejemplo, que nuestra p\u00e1gina web opera sin fallos (incluyendo el mantenimiento t\u00e9cnico de la p\u00e1gina web). En cualquier caso, le informaremos sobre el tratamiento de datos personales que se lleva a cabo, y por supuesto, sus derechos e intereses siempre ser\u00e1n tenidos en cuenta. En caso de que tenga cualquier consulta sobre sus datos personales, encontrar\u00e1 sus derechos de protecci\u00f3n de datos m\u00e1s delante de esta misma p\u00e1gina.<\/p>\n<p><strong>Prop\u00f3sito del tratamiento de los datos<\/strong><\/p>\n<p>No haremos p\u00fablica la informaci\u00f3n personal sin consentimiento. No vendemos ni compartimos la informaci\u00f3n personal voluntariamente.<\/p>\n<p>LORETA CANEPA SEISDEDOS tratar\u00e1 sus datos como usuario, de manera manual y\/o automatizada, para las siguientes finalidades espec\u00edficas:<\/p>\n<ul>\n<li>Realizar informes estad\u00edsticos an\u00f3nimos respecto a los h\u00e1bitos de acceso y la actividad desarrollada por los usuarios en la web.<\/li>\n<li>Llevar a cabo las actuaciones precisas para proteger los intereses de los clientes cuando as\u00ed sea necesario, o el cumplimiento de las resoluciones judiciales y las medidas en ellas acordadas.<\/li>\n<li>Remitir comunicaciones electr\u00f3nicas con ofertas, promociones y noticias relacionadas con nuestra actividad, solo en el caso en que usted, como cliente lo haya consentido o no se haya opuesto expresamente.<\/li>\n<li>Si decide contactar con nosotros al margen de una relaci\u00f3n contractual o sin registrarse, podr\u00e1 hacerlo a trav\u00e9s de la p\u00e1gina web o el correo de contacto.<\/li>\n<\/ul>\n<p>Para poder tramitar correctamente su solicitud cuando contacte con nosotros, podremos solicitarle que nos facilite datos personales tales como su nombre, e-mail y cualquier otra informaci\u00f3n relacionada con su solicitud y su mensaje. De modo opcional, puede facilitar su direcci\u00f3n postal y\/o n\u00famero de tel\u00e9fono. Recogemos la informaci\u00f3n solicitada con el fin exclusivo de gestionar correctamente su solicitud. Los datos no se emplear\u00e1n para ninguna finalidad adicional ni se comunicar\u00e1n a terceros sin su consentimiento expreso, salvo que estemos autorizados a ello por ley. Si no es obligatorio por ley conservar sus datos personales, \u00e9stos ser\u00e1n eliminados una vez se haya tramitado su solicitud.<\/p>\n<ul>\n<li>En el caso de que nos remita su cv trataremos sus datos con el fin de valorar y gestionar su solicitud de empleo y en su caso, llevar a cabo las actuaciones necesarias para la selecci\u00f3n y contrataci\u00f3n de personal, a fin de ofertarle puestos que se ajusten a su perfil.<\/li>\n<li>Por motivos t\u00e9cnicos, cada vez que su navegador accede a nuestra web, autom\u00e1ticamente se env\u00eda informaci\u00f3n a nuestro servidor (ej. datos de navegaci\u00f3n). Parte de esta informaci\u00f3n se almacena en archivos de registro, como:\n<ul>\n<li>fecha de acceso<\/li>\n<li>hora de acceso<\/li>\n<li>URL de la p\u00e1gina<\/li>\n<li>versi\u00f3n del protocolo HTTP<\/li>\n<li>archivos a los que se accede<\/li>\n<li>volumen de datos transferidos<\/li>\n<li>tipo de navegador de internet y su versi\u00f3n<\/li>\n<li>tipo de sistema operativo<\/li>\n<li>direcci\u00f3n IP (anonimizada)<\/li>\n<\/ul>\n<\/li>\n<\/ul>\n<p>Los datos de navegaci\u00f3n no incluyen datos personales. \u00danicamente analizamos los datos de navegaci\u00f3n cuando sea necesario, especialmente para solucionar fallos en la operatividad de nuestra web o para resolver incidencias de seguridad. Almacenamos estos datos de forma indefinida<\/p>\n<p><strong>Destinatarios de la cesi\u00f3n de datos<\/strong><\/p>\n<p>\u00danicamente cedemos los datos personales que recogemos a aquellos que son encargados de tratamiento y han formalizado con nuestra entidad un contrato de encargado de tratamiento de datos personales en el que se compromete al adecuado tratamiento de nuestros registros.<\/p>\n<p>Tambi\u00e9n podemos vernos en la situaci\u00f3n de tener que ceder los datos personales cuando sea necesario para prestar el servicio o atender a la consulta que se haya solicitado, as\u00ed como en los casos previstos en la ley.<\/p>\n<p><strong>Plazo de conservaci\u00f3n de los datos personales<\/strong><\/p>\n<p>LORETA CANEPA SEISDEDOS conservar\u00e1 sus datos personales, como usuario, \u00fanicamente durante el tiempo necesario para la realizaci\u00f3n de las finalidades para las que fueron recogidos, mientras no revoque los consentimientos otorgados. Posteriormente, en caso de ser necesario, mantendr\u00e1 la informaci\u00f3n bloqueada los plazos legalmente establecidos, en todo caso, durante 5 a\u00f1os, o el plazo establecido por ley para cualquier acci\u00f3n que pueda devenir del tratamiento.<\/p>\n<p>En el caso de los datos que nos facilite con el env\u00edo de su curriculum para acceder a un proceso de selecci\u00f3n de personal, ser\u00e1n conservados durante, 3 a\u00f1os desde la fecha de la \u00faltima actualizaci\u00f3n. Transcurrido dicho periodo, sin que hayan sido actualizados, los datos ser\u00e1n suprimidos, salvo que nos indique lo contrario.<\/p>\n<p><strong>Derechos de los usuarios<\/strong><\/p>\n<p>Puede enviarnos un escrito a LORETA CANEPA SEISDEDOS, Plaza ROMA PIERA ARCAL 1 LOCAL 8 &#8211; Premi\u00e0 de Mar (Barcelona &#8211; 08330) o enviarnos un correo a LORETA@LCVIAJES.COM, para realizar cualquiera de las siguientes acciones:<\/p>\n<ul>\n<li>Revocar los consentimientos otorgados.<\/li>\n<li>Obtener confirmaci\u00f3n acerca de si en LORETA CANEPA SEISDEDOS se est\u00e1n tratando datos personales que le conciernen o no.<\/li>\n<li>Acceder a sus datos personales.<\/li>\n<li>Rectificar los datos inexactos o incompletos.<\/li>\n<li>Solicitar la supresi\u00f3n de sus datos cuando, entre otros motivos, los datos ya no sean necesarios para los fines que fueron recogidos.<\/li>\n<li>Obtener de LORETA CANEPA SEISDEDOS la limitaci\u00f3n del tratamiento de los datos cuando se cumpla alguna de las condiciones previstas en la normativa de protecci\u00f3n de datos.<\/li>\n<li>En determinadas circunstancias y por motivos relacionados con su situaci\u00f3n particular al tratamiento de sus datos, los interesados podr\u00e1n oponerse al tratamiento de sus datos. LORETA CANEPA SEISDEDOS dejar\u00e1 de tratar los datos, salvo por motivos leg\u00edtimos imperiosos, o el ejercicio o la defensa de posibles reclamaciones.<\/li>\n<li>Obtener intervenci\u00f3n humana, a expresar su punto de vista y a impugnar las decisiones automatizadas a adoptadas.<\/li>\n<li>Solicitar la portabilidad de sus datos.<\/li>\n<\/ul>\n<p>Reclamar ante la Agencia Espa\u00f1ola de Protecci\u00f3n de Datos (www.agpd.es) cuando el interesado considere que LORETA CANEPA SEISDEDOS ha vulnerado los derechos que le son reconocidos por la normativa aplicable en protecci\u00f3n de datos.<\/p>\n<\/div><\/div><\/div><style type=\"text\/css\">.fusion-body .fusion-builder-column-0{width:100% !important;margin-top : 0px;margin-bottom : 0px;}.fusion-builder-column-0 > .fusion-column-wrapper {padding-top : 0px !important;padding-right : 0px !important;margin-right : 1.92%;padding-bottom : 0px !important;padding-left : 0px !important;margin-left : 1.92%;}@media only screen and (max-width:1024px) {.fusion-body .fusion-builder-column-0{width:100% !important;}.fusion-builder-column-0 > .fusion-column-wrapper {margin-right : 1.92%;margin-left : 1.92%;}}@media only screen and (max-width:640px) {.fusion-body .fusion-builder-column-0{width:100% !important;}.fusion-builder-column-0 > .fusion-column-wrapper {margin-right : 1.92%;margin-left : 1.92%;}}<\/style><\/div><style type=\"text\/css\">.fusion-body .fusion-flex-container.fusion-builder-row-1{ padding-top : 0px;margin-top : 0px;padding-right : 0px;padding-bottom : 0px;margin-bottom : 0px;padding-left : 0px;}<\/style><\/div>\n","protected":false},"excerpt":{"rendered":"","protected":false},"author":1,"featured_media":0,"parent":0,"menu_order":0,"comment_status":"closed","ping_status":"closed","template":"","meta":{"om_disable_all_campaigns":false,"_monsterinsights_skip_tracking":false,"_monsterinsights_sitenote_active":false,"_monsterinsights_sitenote_note":"","_monsterinsights_sitenote_category":0,"_uf_show_specific_survey":0,"_uf_disable_surveys":false,"footnotes":""},"class_list":["post-456","page","type-page","status-publish","hentry"],"yoast_head":"<!-- This site is optimized with the Yoast SEO plugin v24.6 - https:\/\/yoast.com\/wordpress\/plugins\/seo\/ -->\n<title>Pol\u00edtica de Privacidad - LC Viajes<\/title>\n<meta name=\"robots\" content=\"index, follow, max-snippet:-1, max-image-preview:large, max-video-preview:-1\" \/>\n<link rel=\"canonical\" href=\"https:\/\/lcviajes.com\/ca\/politica-privacidad\/\" \/>\n<meta property=\"og:locale\" content=\"ca_ES\" \/>\n<meta property=\"og:type\" content=\"article\" \/>\n<meta property=\"og:title\" content=\"Pol\u00edtica de Privacidad - LC Viajes\" \/>\n<meta property=\"og:url\" content=\"https:\/\/lcviajes.com\/ca\/politica-privacidad\/\" \/>\n<meta property=\"og:site_name\" content=\"LC Viajes\" \/>\n<meta property=\"article:publisher\" content=\"https:\/\/www.facebook.com\/loretacanepaviajesamedida\" \/>\n<meta property=\"article:modified_time\" content=\"2024-12-04T13:44:31+00:00\" \/>\n<meta property=\"og:image\" content=\"https:\/\/lcviajes.com\/wp-content\/uploads\/2023\/06\/Desktop-1.png\" \/>\n\t<meta property=\"og:image:width\" content=\"1440\" \/>\n\t<meta property=\"og:image:height\" content=\"1024\" \/>\n\t<meta property=\"og:image:type\" content=\"image\/png\" \/>\n<meta name=\"twitter:card\" content=\"summary_large_image\" \/>\n<meta name=\"twitter:site\" content=\"@Loretacanepa\" \/>\n<meta name=\"twitter:label1\" content=\"Temps estimat de lectura\" \/>\n\t<meta name=\"twitter:data1\" content=\"9 minuts\" \/>\n<script type=\"application\/ld+json\" class=\"yoast-schema-graph\">{\"@context\":\"https:\/\/schema.org\",\"@graph\":[{\"@type\":\"WebPage\",\"@id\":\"https:\/\/lcviajes.com\/ca\/politica-privacidad\/\",\"url\":\"https:\/\/lcviajes.com\/ca\/politica-privacidad\/\",\"name\":\"Pol\u00edtica de Privacidad - LC Viajes\",\"isPartOf\":{\"@id\":\"https:\/\/lcviajes.com\/ca\/#website\"},\"datePublished\":\"2023-05-10T14:16:32+00:00\",\"dateModified\":\"2024-12-04T13:44:31+00:00\",\"breadcrumb\":{\"@id\":\"https:\/\/lcviajes.com\/ca\/politica-privacidad\/#breadcrumb\"},\"inLanguage\":\"ca\",\"potentialAction\":[{\"@type\":\"ReadAction\",\"target\":[\"https:\/\/lcviajes.com\/ca\/politica-privacidad\/\"]}]},{\"@type\":\"BreadcrumbList\",\"@id\":\"https:\/\/lcviajes.com\/ca\/politica-privacidad\/#breadcrumb\",\"itemListElement\":[{\"@type\":\"ListItem\",\"position\":1,\"name\":\"Portada\",\"item\":\"https:\/\/lcviajes.com\/ca\/\"},{\"@type\":\"ListItem\",\"position\":2,\"name\":\"Pol\u00edtica de Privacidad\"}]},{\"@type\":\"WebSite\",\"@id\":\"https:\/\/lcviajes.com\/ca\/#website\",\"url\":\"https:\/\/lcviajes.com\/ca\/\",\"name\":\"LC Viajes\",\"description\":\"LC Viajes - Travel Planner\",\"publisher\":{\"@id\":\"https:\/\/lcviajes.com\/ca\/#organization\"},\"alternateName\":\"LC Viajes\",\"potentialAction\":[{\"@type\":\"SearchAction\",\"target\":{\"@type\":\"EntryPoint\",\"urlTemplate\":\"https:\/\/lcviajes.com\/ca\/?s={search_term_string}\"},\"query-input\":{\"@type\":\"PropertyValueSpecification\",\"valueRequired\":true,\"valueName\":\"search_term_string\"}}],\"inLanguage\":\"ca\"},{\"@type\":\"Organization\",\"@id\":\"https:\/\/lcviajes.com\/ca\/#organization\",\"name\":\"LC Viajes\",\"alternateName\":\"LC Viajes\",\"url\":\"https:\/\/lcviajes.com\/ca\/\",\"logo\":{\"@type\":\"ImageObject\",\"inLanguage\":\"ca\",\"@id\":\"https:\/\/lcviajes.com\/ca\/#\/schema\/logo\/image\/\",\"url\":\"https:\/\/lcviajes.com\/wp-content\/uploads\/2023\/06\/LOGO-FINAL-LC-VIAJES-01-1.png\",\"contentUrl\":\"https:\/\/lcviajes.com\/wp-content\/uploads\/2023\/06\/LOGO-FINAL-LC-VIAJES-01-1.png\",\"width\":266,\"height\":188,\"caption\":\"LC Viajes\"},\"image\":{\"@id\":\"https:\/\/lcviajes.com\/ca\/#\/schema\/logo\/image\/\"},\"sameAs\":[\"https:\/\/www.facebook.com\/loretacanepaviajesamedida\",\"https:\/\/x.com\/Loretacanepa\",\"https:\/\/www.instagram.com\/loretacanepaviajes\/\",\"https:\/\/goo.gl\/maps\/9UfQM5fMDMAfLtD26\",\"https:\/\/es.linkedin.com\/in\/loretacanepaviajes\"]}]}<\/script>\n<!-- \/ Yoast SEO plugin. -->","yoast_head_json":{"title":"Pol\u00edtica de Privacidad - LC Viajes","robots":{"index":"index","follow":"follow","max-snippet":"max-snippet:-1","max-image-preview":"max-image-preview:large","max-video-preview":"max-video-preview:-1"},"canonical":"https:\/\/lcviajes.com\/ca\/politica-privacidad\/","og_locale":"ca_ES","og_type":"article","og_title":"Pol\u00edtica de Privacidad - LC Viajes","og_url":"https:\/\/lcviajes.com\/ca\/politica-privacidad\/","og_site_name":"LC Viajes","article_publisher":"https:\/\/www.facebook.com\/loretacanepaviajesamedida","article_modified_time":"2024-12-04T13:44:31+00:00","og_image":[{"width":1440,"height":1024,"url":"https:\/\/lcviajes.com\/wp-content\/uploads\/2023\/06\/Desktop-1.png","type":"image\/png"}],"twitter_card":"summary_large_image","twitter_site":"@Loretacanepa","twitter_misc":{"Temps estimat de lectura":"9 minuts"},"schema":{"@context":"https:\/\/schema.org","@graph":[{"@type":"WebPage","@id":"https:\/\/lcviajes.com\/ca\/politica-privacidad\/","url":"https:\/\/lcviajes.com\/ca\/politica-privacidad\/","name":"Pol\u00edtica de Privacidad - LC Viajes","isPartOf":{"@id":"https:\/\/lcviajes.com\/ca\/#website"},"datePublished":"2023-05-10T14:16:32+00:00","dateModified":"2024-12-04T13:44:31+00:00","breadcrumb":{"@id":"https:\/\/lcviajes.com\/ca\/politica-privacidad\/#breadcrumb"},"inLanguage":"ca","potentialAction":[{"@type":"ReadAction","target":["https:\/\/lcviajes.com\/ca\/politica-privacidad\/"]}]},{"@type":"BreadcrumbList","@id":"https:\/\/lcviajes.com\/ca\/politica-privacidad\/#breadcrumb","itemListElement":[{"@type":"ListItem","position":1,"name":"Portada","item":"https:\/\/lcviajes.com\/ca\/"},{"@type":"ListItem","position":2,"name":"Pol\u00edtica de Privacidad"}]},{"@type":"WebSite","@id":"https:\/\/lcviajes.com\/ca\/#website","url":"https:\/\/lcviajes.com\/ca\/","name":"LC Viajes","description":"LC Viajes - Travel Planner","publisher":{"@id":"https:\/\/lcviajes.com\/ca\/#organization"},"alternateName":"LC Viajes","potentialAction":[{"@type":"SearchAction","target":{"@type":"EntryPoint","urlTemplate":"https:\/\/lcviajes.com\/ca\/?s={search_term_string}"},"query-input":{"@type":"PropertyValueSpecification","valueRequired":true,"valueName":"search_term_string"}}],"inLanguage":"ca"},{"@type":"Organization","@id":"https:\/\/lcviajes.com\/ca\/#organization","name":"LC Viajes","alternateName":"LC Viajes","url":"https:\/\/lcviajes.com\/ca\/","logo":{"@type":"ImageObject","inLanguage":"ca","@id":"https:\/\/lcviajes.com\/ca\/#\/schema\/logo\/image\/","url":"https:\/\/lcviajes.com\/wp-content\/uploads\/2023\/06\/LOGO-FINAL-LC-VIAJES-01-1.png","contentUrl":"https:\/\/lcviajes.com\/wp-content\/uploads\/2023\/06\/LOGO-FINAL-LC-VIAJES-01-1.png","width":266,"height":188,"caption":"LC Viajes"},"image":{"@id":"https:\/\/lcviajes.com\/ca\/#\/schema\/logo\/image\/"},"sameAs":["https:\/\/www.facebook.com\/loretacanepaviajesamedida","https:\/\/x.com\/Loretacanepa","https:\/\/www.instagram.com\/loretacanepaviajes\/","https:\/\/goo.gl\/maps\/9UfQM5fMDMAfLtD26","https:\/\/es.linkedin.com\/in\/loretacanepaviajes"]}]}},"_links":{"self":[{"href":"https:\/\/lcviajes.com\/ca\/wp-json\/wp\/v2\/pages\/456","targetHints":{"allow":["GET"]}}],"collection":[{"href":"https:\/\/lcviajes.com\/ca\/wp-json\/wp\/v2\/pages"}],"about":[{"href":"https:\/\/lcviajes.com\/ca\/wp-json\/wp\/v2\/types\/page"}],"author":[{"embeddable":true,"href":"https:\/\/lcviajes.com\/ca\/wp-json\/wp\/v2\/users\/1"}],"replies":[{"embeddable":true,"href":"https:\/\/lcviajes.com\/ca\/wp-json\/wp\/v2\/comments?post=456"}],"version-history":[{"count":3,"href":"https:\/\/lcviajes.com\/ca\/wp-json\/wp\/v2\/pages\/456\/revisions"}],"predecessor-version":[{"id":1155,"href":"https:\/\/lcviajes.com\/ca\/wp-json\/wp\/v2\/pages\/456\/revisions\/1155"}],"wp:attachment":[{"href":"https:\/\/lcviajes.com\/ca\/wp-json\/wp\/v2\/media?parent=456"}],"curies":[{"name":"wp","href":"https:\/\/api.w.org\/{rel}","templated":true}]}}