{"id":459,"date":"2023-04-26T09:35:34","date_gmt":"2023-04-26T09:35:34","guid":{"rendered":"https:\/\/lcviajes.com\/viajes-corporativos\/"},"modified":"2024-05-27T14:20:31","modified_gmt":"2024-05-27T14:20:31","slug":"viajes-corporativos","status":"publish","type":"page","link":"https:\/\/lcviajes.com\/ca\/viajes-corporativos\/","title":{"rendered":"Viajes corporativos"},"content":{"rendered":"<div class=\"txt-info aos-init aos-animate\" data-aos=\"fade-down\">\n<p>Nuestro principal valor a\u00f1adido es la flexibilidad y capacidad de adaptaci\u00f3n a tus necesidades, identific\u00e1ndolas para ofrecer la mejor soluci\u00f3n y ci\u00f1\u00e9ndonos al presupuesto establecido.<\/p>\n<\/div>\n<div>\n<div class=\"txt-info aos-init aos-animate\" data-aos=\"fade-down\">\n<p>Te asesoramos sobre cada viaje y destino, comprometi\u00e9ndonos a que los servicios contratados cumplan con las normativas y est\u00e9n operativos.<\/p>\n<\/div>\n<\/div>\n","protected":false},"excerpt":{"rendered":"<p>Nuestro principal valor a\u00f1adido es la flexibilidad y capacidad de [&hellip;]<\/p>\n","protected":false},"author":1,"featured_media":0,"parent":0,"menu_order":0,"comment_status":"closed","ping_status":"closed","template":"viajes-corporativos-page.php","meta":{"om_disable_all_campaigns":false,"_monsterinsights_skip_tracking":false,"_monsterinsights_sitenote_active":false,"_monsterinsights_sitenote_note":"","_monsterinsights_sitenote_category":0,"_uf_show_specific_survey":0,"_uf_disable_surveys":false,"footnotes":""},"class_list":["post-459","page","type-page","status-publish","hentry"],"yoast_head":"<!-- This site is optimized with the Yoast SEO plugin v24.6 - https:\/\/yoast.com\/wordpress\/plugins\/seo\/ -->\n<title>Viajes Corporativos Eficientes y Personalizados | LC Viajes<\/title>\n<meta name=\"description\" content=\"Optimiza tus viajes de negocios con LC Viajes Corporativos. Ofrecemos soluciones personalizadas para empresas, gestionando vuelos, hoteles y eventos para garantizar un servicio eficiente y de calidad. \u00a1Mejora la productividad de tu empresa con nosotros!\" \/>\n<meta name=\"robots\" content=\"index, follow, max-snippet:-1, max-image-preview:large, max-video-preview:-1\" \/>\n<link rel=\"canonical\" href=\"https:\/\/lcviajes.com\/ca\/viajes-corporativos\/\" \/>\n<meta property=\"og:locale\" content=\"ca_ES\" \/>\n<meta property=\"og:type\" content=\"article\" \/>\n<meta property=\"og:title\" content=\"Viajes Corporativos Eficientes y Personalizados | LC Viajes\" \/>\n<meta property=\"og:description\" content=\"Optimiza tus viajes de negocios con LC Viajes Corporativos. Ofrecemos soluciones personalizadas para empresas, gestionando vuelos, hoteles y eventos para garantizar un servicio eficiente y de calidad. \u00a1Mejora la productividad de tu empresa con nosotros!\" \/>\n<meta property=\"og:url\" content=\"https:\/\/lcviajes.com\/ca\/viajes-corporativos\/\" \/>\n<meta property=\"og:site_name\" content=\"LC Viajes\" \/>\n<meta property=\"article:publisher\" content=\"https:\/\/www.facebook.com\/loretacanepaviajesamedida\" \/>\n<meta property=\"article:modified_time\" content=\"2024-05-27T14:20:31+00:00\" \/>\n<meta property=\"og:image\" content=\"https:\/\/lcviajes.com\/wp-content\/uploads\/2023\/06\/Desktop-1.png\" \/>\n\t<meta property=\"og:image:width\" content=\"1440\" \/>\n\t<meta property=\"og:image:height\" content=\"1024\" \/>\n\t<meta property=\"og:image:type\" content=\"image\/png\" \/>\n<meta name=\"twitter:card\" content=\"summary_large_image\" \/>\n<meta name=\"twitter:site\" content=\"@Loretacanepa\" \/>\n<script type=\"application\/ld+json\" class=\"yoast-schema-graph\">{\"@context\":\"https:\/\/schema.org\",\"@graph\":[{\"@type\":\"WebPage\",\"@id\":\"https:\/\/lcviajes.com\/ca\/viajes-corporativos\/\",\"url\":\"https:\/\/lcviajes.com\/ca\/viajes-corporativos\/\",\"name\":\"Viajes Corporativos Eficientes y Personalizados | LC Viajes\",\"isPartOf\":{\"@id\":\"https:\/\/lcviajes.com\/ca\/#website\"},\"datePublished\":\"2023-04-26T09:35:34+00:00\",\"dateModified\":\"2024-05-27T14:20:31+00:00\",\"description\":\"Optimiza tus viajes de negocios con LC Viajes Corporativos. Ofrecemos soluciones personalizadas para empresas, gestionando vuelos, hoteles y eventos para garantizar un servicio eficiente y de calidad. \u00a1Mejora la productividad de tu empresa con nosotros!\",\"breadcrumb\":{\"@id\":\"https:\/\/lcviajes.com\/ca\/viajes-corporativos\/#breadcrumb\"},\"inLanguage\":\"ca\",\"potentialAction\":[{\"@type\":\"ReadAction\",\"target\":[\"https:\/\/lcviajes.com\/ca\/viajes-corporativos\/\"]}]},{\"@type\":\"BreadcrumbList\",\"@id\":\"https:\/\/lcviajes.com\/ca\/viajes-corporativos\/#breadcrumb\",\"itemListElement\":[{\"@type\":\"ListItem\",\"position\":1,\"name\":\"Portada\",\"item\":\"https:\/\/lcviajes.com\/ca\/\"},{\"@type\":\"ListItem\",\"position\":2,\"name\":\"Viajes corporativos\"}]},{\"@type\":\"WebSite\",\"@id\":\"https:\/\/lcviajes.com\/ca\/#website\",\"url\":\"https:\/\/lcviajes.com\/ca\/\",\"name\":\"LC Viajes\",\"description\":\"LC Viajes - Travel Planner\",\"publisher\":{\"@id\":\"https:\/\/lcviajes.com\/ca\/#organization\"},\"alternateName\":\"LC Viajes\",\"potentialAction\":[{\"@type\":\"SearchAction\",\"target\":{\"@type\":\"EntryPoint\",\"urlTemplate\":\"https:\/\/lcviajes.com\/ca\/?s={search_term_string}\"},\"query-input\":{\"@type\":\"PropertyValueSpecification\",\"valueRequired\":true,\"valueName\":\"search_term_string\"}}],\"inLanguage\":\"ca\"},{\"@type\":\"Organization\",\"@id\":\"https:\/\/lcviajes.com\/ca\/#organization\",\"name\":\"LC Viajes\",\"alternateName\":\"LC Viajes\",\"url\":\"https:\/\/lcviajes.com\/ca\/\",\"logo\":{\"@type\":\"ImageObject\",\"inLanguage\":\"ca\",\"@id\":\"https:\/\/lcviajes.com\/ca\/#\/schema\/logo\/image\/\",\"url\":\"https:\/\/lcviajes.com\/wp-content\/uploads\/2023\/06\/LOGO-FINAL-LC-VIAJES-01-1.png\",\"contentUrl\":\"https:\/\/lcviajes.com\/wp-content\/uploads\/2023\/06\/LOGO-FINAL-LC-VIAJES-01-1.png\",\"width\":266,\"height\":188,\"caption\":\"LC Viajes\"},\"image\":{\"@id\":\"https:\/\/lcviajes.com\/ca\/#\/schema\/logo\/image\/\"},\"sameAs\":[\"https:\/\/www.facebook.com\/loretacanepaviajesamedida\",\"https:\/\/x.com\/Loretacanepa\",\"https:\/\/www.instagram.com\/loretacanepaviajes\/\",\"https:\/\/goo.gl\/maps\/9UfQM5fMDMAfLtD26\",\"https:\/\/es.linkedin.com\/in\/loretacanepaviajes\"]}]}<\/script>\n<!-- \/ Yoast SEO plugin. -->","yoast_head_json":{"title":"Viajes Corporativos Eficientes y Personalizados | LC Viajes","description":"Optimiza tus viajes de negocios con LC Viajes Corporativos. Ofrecemos soluciones personalizadas para empresas, gestionando vuelos, hoteles y eventos para garantizar un servicio eficiente y de calidad. \u00a1Mejora la productividad de tu empresa con nosotros!","robots":{"index":"index","follow":"follow","max-snippet":"max-snippet:-1","max-image-preview":"max-image-preview:large","max-video-preview":"max-video-preview:-1"},"canonical":"https:\/\/lcviajes.com\/ca\/viajes-corporativos\/","og_locale":"ca_ES","og_type":"article","og_title":"Viajes Corporativos Eficientes y Personalizados | LC Viajes","og_description":"Optimiza tus viajes de negocios con LC Viajes Corporativos. Ofrecemos soluciones personalizadas para empresas, gestionando vuelos, hoteles y eventos para garantizar un servicio eficiente y de calidad. \u00a1Mejora la productividad de tu empresa con nosotros!","og_url":"https:\/\/lcviajes.com\/ca\/viajes-corporativos\/","og_site_name":"LC Viajes","article_publisher":"https:\/\/www.facebook.com\/loretacanepaviajesamedida","article_modified_time":"2024-05-27T14:20:31+00:00","og_image":[{"width":1440,"height":1024,"url":"https:\/\/lcviajes.com\/wp-content\/uploads\/2023\/06\/Desktop-1.png","type":"image\/png"}],"twitter_card":"summary_large_image","twitter_site":"@Loretacanepa","schema":{"@context":"https:\/\/schema.org","@graph":[{"@type":"WebPage","@id":"https:\/\/lcviajes.com\/ca\/viajes-corporativos\/","url":"https:\/\/lcviajes.com\/ca\/viajes-corporativos\/","name":"Viajes Corporativos Eficientes y Personalizados | LC Viajes","isPartOf":{"@id":"https:\/\/lcviajes.com\/ca\/#website"},"datePublished":"2023-04-26T09:35:34+00:00","dateModified":"2024-05-27T14:20:31+00:00","description":"Optimiza tus viajes de negocios con LC Viajes Corporativos. Ofrecemos soluciones personalizadas para empresas, gestionando vuelos, hoteles y eventos para garantizar un servicio eficiente y de calidad. \u00a1Mejora la productividad de tu empresa con nosotros!","breadcrumb":{"@id":"https:\/\/lcviajes.com\/ca\/viajes-corporativos\/#breadcrumb"},"inLanguage":"ca","potentialAction":[{"@type":"ReadAction","target":["https:\/\/lcviajes.com\/ca\/viajes-corporativos\/"]}]},{"@type":"BreadcrumbList","@id":"https:\/\/lcviajes.com\/ca\/viajes-corporativos\/#breadcrumb","itemListElement":[{"@type":"ListItem","position":1,"name":"Portada","item":"https:\/\/lcviajes.com\/ca\/"},{"@type":"ListItem","position":2,"name":"Viajes corporativos"}]},{"@type":"WebSite","@id":"https:\/\/lcviajes.com\/ca\/#website","url":"https:\/\/lcviajes.com\/ca\/","name":"LC Viajes","description":"LC Viajes - Travel Planner","publisher":{"@id":"https:\/\/lcviajes.com\/ca\/#organization"},"alternateName":"LC Viajes","potentialAction":[{"@type":"SearchAction","target":{"@type":"EntryPoint","urlTemplate":"https:\/\/lcviajes.com\/ca\/?s={search_term_string}"},"query-input":{"@type":"PropertyValueSpecification","valueRequired":true,"valueName":"search_term_string"}}],"inLanguage":"ca"},{"@type":"Organization","@id":"https:\/\/lcviajes.com\/ca\/#organization","name":"LC Viajes","alternateName":"LC Viajes","url":"https:\/\/lcviajes.com\/ca\/","logo":{"@type":"ImageObject","inLanguage":"ca","@id":"https:\/\/lcviajes.com\/ca\/#\/schema\/logo\/image\/","url":"https:\/\/lcviajes.com\/wp-content\/uploads\/2023\/06\/LOGO-FINAL-LC-VIAJES-01-1.png","contentUrl":"https:\/\/lcviajes.com\/wp-content\/uploads\/2023\/06\/LOGO-FINAL-LC-VIAJES-01-1.png","width":266,"height":188,"caption":"LC Viajes"},"image":{"@id":"https:\/\/lcviajes.com\/ca\/#\/schema\/logo\/image\/"},"sameAs":["https:\/\/www.facebook.com\/loretacanepaviajesamedida","https:\/\/x.com\/Loretacanepa","https:\/\/www.instagram.com\/loretacanepaviajes\/","https:\/\/goo.gl\/maps\/9UfQM5fMDMAfLtD26","https:\/\/es.linkedin.com\/in\/loretacanepaviajes"]}]}},"_links":{"self":[{"href":"https:\/\/lcviajes.com\/ca\/wp-json\/wp\/v2\/pages\/459","targetHints":{"allow":["GET"]}}],"collection":[{"href":"https:\/\/lcviajes.com\/ca\/wp-json\/wp\/v2\/pages"}],"about":[{"href":"https:\/\/lcviajes.com\/ca\/wp-json\/wp\/v2\/types\/page"}],"author":[{"embeddable":true,"href":"https:\/\/lcviajes.com\/ca\/wp-json\/wp\/v2\/users\/1"}],"replies":[{"embeddable":true,"href":"https:\/\/lcviajes.com\/ca\/wp-json\/wp\/v2\/comments?post=459"}],"version-history":[{"count":2,"href":"https:\/\/lcviajes.com\/ca\/wp-json\/wp\/v2\/pages\/459\/revisions"}],"predecessor-version":[{"id":1121,"href":"https:\/\/lcviajes.com\/ca\/wp-json\/wp\/v2\/pages\/459\/revisions\/1121"}],"wp:attachment":[{"href":"https:\/\/lcviajes.com\/ca\/wp-json\/wp\/v2\/media?parent=459"}],"curies":[{"name":"wp","href":"https:\/\/api.w.org\/{rel}","templated":true}]}}